{"id":7,"date":"2022-02-02T15:49:32","date_gmt":"2022-02-02T14:49:32","guid":{"rendered":"https:\/\/gruene-sylt.de\/?page_id=7"},"modified":"2025-07-24T14:34:44","modified_gmt":"2025-07-24T12:34:44","slug":"7-2","status":"publish","type":"page","link":"https:\/\/www.gruene-nf.de\/sylt\/","title":{"rendered":"Start"},"content":{"rendered":"\n<div class=\"wp-block-cover is-light\" style=\"min-height:350px;aspect-ratio:unset;\"><img loading=\"lazy\" decoding=\"async\" width=\"2560\" height=\"1707\" class=\"wp-block-cover__image-background wp-image-3324 size-full\" alt=\"\" src=\"https:\/\/www.gruene-nf.de\/sylt\/wp-content\/uploads\/sites\/6\/2025\/07\/sylt-marvin-radke-nqlmue4l5hm-unsplash-1-scaled.jpg\" data-object-fit=\"cover\" srcset=\"https:\/\/www.gruene-nf.de\/sylt\/wp-content\/uploads\/sites\/6\/2025\/07\/sylt-marvin-radke-nqlmue4l5hm-unsplash-1-scaled.jpg 2560w, https:\/\/www.gruene-nf.de\/sylt\/wp-content\/uploads\/sites\/6\/2025\/07\/sylt-marvin-radke-nqlmue4l5hm-unsplash-1-300x200.jpg 300w, https:\/\/www.gruene-nf.de\/sylt\/wp-content\/uploads\/sites\/6\/2025\/07\/sylt-marvin-radke-nqlmue4l5hm-unsplash-1-1024x683.jpg 1024w, https:\/\/www.gruene-nf.de\/sylt\/wp-content\/uploads\/sites\/6\/2025\/07\/sylt-marvin-radke-nqlmue4l5hm-unsplash-1-768x512.jpg 768w, https:\/\/www.gruene-nf.de\/sylt\/wp-content\/uploads\/sites\/6\/2025\/07\/sylt-marvin-radke-nqlmue4l5hm-unsplash-1-1536x1024.jpg 1536w, https:\/\/www.gruene-nf.de\/sylt\/wp-content\/uploads\/sites\/6\/2025\/07\/sylt-marvin-radke-nqlmue4l5hm-unsplash-1-2048x1365.jpg 2048w\" sizes=\"auto, (max-width: 2560px) 100vw, 2560px\" \/><span aria-hidden=\"true\" class=\"wp-block-cover__background has-background-dim-0 has-background-dim\" style=\"background-color:#939ba2\"><\/span><div class=\"wp-block-cover__inner-container is-layout-flow wp-block-cover-is-layout-flow\">\n<h1 class=\"wp-block-heading has-text-align-center no-link\"><\/h1>\n<\/div><\/div>\n\n\n\n<div class=\"wp-block-group alignfull has-white-background-color has-background is-layout-constrained wp-block-group-is-layout-constrained\">\n<div class=\"wp-block-columns is-layout-flex wp-container-core-columns-is-layout-9d6595d7 wp-block-columns-is-layout-flex\">\n<div class=\"wp-block-column is-layout-flow wp-block-column-is-layout-flow\">\n<h1 class=\"wp-block-heading\">Herzlich willkommen bei dem GR\u00dcNEN Inselverband Sylt.<\/h1>\n<\/div>\n\n\n\n<div class=\"wp-block-column is-layout-flow wp-block-column-is-layout-flow\">\n<p class=\"has-text-align-left\">Wir setzen uns f\u00fcr einen nachhaltigen Tourismus, intakten Naturschutz und bezahlbaren Wohnraum auf Sylt ein. Unser Engagement gilt dem Erhalt der besonderen Insellandschaft, w\u00e4hrend wir gleichzeitig f\u00fcr eine zukunftsf\u00e4hige Entwicklung arbeiten, die allen Sylterinnen und Syltern zugutekommt.<\/p>\n<\/div>\n<\/div>\n\n\n\n<div style=\"height:100px\" aria-hidden=\"true\" class=\"wp-block-spacer\"><\/div>\n<\/div>\n\n\n\n<div class=\"wp-block-group alignfull has-sand-background-color has-background is-layout-constrained wp-block-group-is-layout-constrained\">\n<div style=\"height:100px\" aria-hidden=\"true\" class=\"wp-block-spacer\"><\/div>\n\n\n<div class=\"has-background latest-posts wp-block-sunflower-latest-posts\">\n        <div class=\"wp-block-group__inner-container\">\n            <h2 class=\"text-center h1\">Aktuelles<\/h2>\n                <div class=\"row\" data-masonry='{\"percentPosition\": true }'><div class=\"col-md-6\">\n<article id=\"post-3451\" class=\"bg-white mb-4 has-shadow post-3451 post type-post status-publish format-standard has-post-thumbnail hentry category-allgemein\">\n\t<div class=\"\">\n\t\t\t\t\t<div class=\"\">\n\t\t\t\t<a href=\"https:\/\/www.gruene-nf.de\/sylt\/2025\/09\/12\/nordfriesland-braucht-den-ausbau-der-marschbahn-jetzt\/\" aria-label=\"Post Thumbnail\" rel=\"bookmark\">\n\t\t\t\t\t\t\t\t<img loading=\"lazy\" decoding=\"async\" width=\"768\" height=\"960\" src=\"https:\/\/www.gruene-nf.de\/sylt\/wp-content\/uploads\/sites\/6\/2025\/09\/marschbahn-1-768x960.png\" class=\"post-thumbnail wp-post-image\" alt=\"Nordfriesland braucht den Ausbau der Marschbahn \u2013 jetzt!\" \/>\n\n\t\t\t\t\t\t\t<\/a>\n\t\t\t<\/div>\n\t\t\t\t\t<div class=\"p-45\">\n\t\t\t<header class=\"entry-header mb-2\">\n\t\t\t\t\t\t\t\t<h2 class=\"card-title h4 mb-3\"><a href=\"https:\/\/www.gruene-nf.de\/sylt\/2025\/09\/12\/nordfriesland-braucht-den-ausbau-der-marschbahn-jetzt\/\" rel=\"bookmark\">Nordfriesland braucht den Ausbau der Marschbahn \u2013 jetzt!<\/a><\/h2>\t\t\t\t\t<div class=\"entry-meta mb-3\">\n\t\t\t\t\t\t<span class=\"posted-on\"><time class=\"entry-date published updated\" datetime=\"2025-09-12T17:56:59+02:00\">12. September 2025<\/time><\/span>\t\t\t\t\t<\/div><!-- .entry-meta -->\n\t\t\t\t\t\t\t\t<\/header><!-- .entry-header -->\n\n\t\t\t<div class=\"entry-content\">\n\t\t\t\t<a href=\"https:\/\/www.gruene-nf.de\/sylt\/2025\/09\/12\/nordfriesland-braucht-den-ausbau-der-marschbahn-jetzt\/\" rel=\"bookmark\">\n\t\t\t\t<p>Hier findet ihr unsere Stellungnahme &#8211;&gt; https:\/\/www.gruene-nf.de\/blog\/2025\/09\/12\/nordfriesland-braucht-den-ausbau-der-marschbahn-jetzt\/<\/p>\n\t\t\t\t<\/a>\n\t\t\t<\/div><!-- .entry-content -->\n\n\t\t\t<footer class=\"entry-footer\">\n\t\t\t\t\t\t\t<div class=\"d-flex mt-2 mb-2\">\n\t\t\t\t\t\t\t\t<div>\n\t\t<span class=\"cat-links small\"><a href=\"https:\/\/www.gruene-nf.de\/sylt\/category\/allgemein\/\" rel=\"category tag\">Allgemein<\/a><\/span>\n\t\t\t\t<\/div>\n\t\t\t<\/div>\n\t\t\n\t\t\t\t<div class=\"d-flex flex-row-reverse\">\n\t\t\t\t\t<a href=\"https:\/\/www.gruene-nf.de\/sylt\/2025\/09\/12\/nordfriesland-braucht-den-ausbau-der-marschbahn-jetzt\/\" rel=\"bookmark\" class=\"continue-reading\">\n\t\t\t\t\tweiterlesen\t\t\t\t<\/a>\n\t\t\t\t<\/div>\n\t\t\t<\/footer><!-- .entry-footer -->\n\t\t<\/div>\n\t<\/div>\n<\/article><!-- #post-3451 -->\n<\/div><div class=\"col-md-6\">\n<article id=\"post-3426\" class=\"bg-white mb-4 has-shadow post-3426 post type-post status-publish format-standard has-post-thumbnail hentry category-allgemein\">\n\t<div class=\"\">\n\t\t\t\t\t<div class=\"\">\n\t\t\t\t<a href=\"https:\/\/www.gruene-nf.de\/sylt\/2025\/08\/11\/silke-backsen-mdl-auf-sommertour-ein-tag-fuer-nachhaltigkeit-und-lebensqualitaet-auf-sylt\/\" aria-label=\"Post Thumbnail\" rel=\"bookmark\">\n\t\t\t\t\t\t\t\t<img loading=\"lazy\" decoding=\"async\" width=\"768\" height=\"960\" src=\"https:\/\/www.gruene-nf.de\/sylt\/wp-content\/uploads\/sites\/6\/2025\/08\/silkesylt-768x960.jpg\" class=\"post-thumbnail wp-post-image\" alt=\"Silke Backsen (MdL) auf Sommertour: Ein Tag f\u00fcr Nachhaltigkeit und Lebensqualit\u00e4t auf Sylt\" \/>\n\n\t\t\t\t\t\t\t<\/a>\n\t\t\t<\/div>\n\t\t\t\t\t<div class=\"p-45\">\n\t\t\t<header class=\"entry-header mb-2\">\n\t\t\t\t\t\t\t\t<h2 class=\"card-title h4 mb-3\"><a href=\"https:\/\/www.gruene-nf.de\/sylt\/2025\/08\/11\/silke-backsen-mdl-auf-sommertour-ein-tag-fuer-nachhaltigkeit-und-lebensqualitaet-auf-sylt\/\" rel=\"bookmark\">Silke Backsen (MdL) auf Sommertour: Ein Tag f\u00fcr Nachhaltigkeit und Lebensqualit\u00e4t auf Sylt<\/a><\/h2>\t\t\t\t\t<div class=\"entry-meta mb-3\">\n\t\t\t\t\t\t<span class=\"posted-on\"><time class=\"entry-date published\" datetime=\"2025-08-11T09:40:30+02:00\">11. August 2025<\/time><time class=\"updated\" datetime=\"2025-08-11T09:49:48+02:00\">11. August 2025<\/time><\/span>\t\t\t\t\t<\/div><!-- .entry-meta -->\n\t\t\t\t\t\t\t\t<\/header><!-- .entry-header -->\n\n\t\t\t<div class=\"entry-content\">\n\t\t\t\t<a href=\"https:\/\/www.gruene-nf.de\/sylt\/2025\/08\/11\/silke-backsen-mdl-auf-sommertour-ein-tag-fuer-nachhaltigkeit-und-lebensqualitaet-auf-sylt\/\" rel=\"bookmark\">\n\t\t\t\t<p>Sylt, 1. August 2025 \u2013 Im Rahmen ihrer landesweiten Sommertour hat die Landtagsabgeordnete Silke Backsen (B\u00fcndnis 90\/Die Gr\u00fcnen) am 01.08.2025 einen Informationstag auf Sylt verbracht. Im Mittelpunkt ihres Besuchs standen [&hellip;]<\/p>\n\t\t\t\t<\/a>\n\t\t\t<\/div><!-- .entry-content -->\n\n\t\t\t<footer class=\"entry-footer\">\n\t\t\t\t\t\t\t<div class=\"d-flex mt-2 mb-2\">\n\t\t\t\t\t\t\t\t<div>\n\t\t<span class=\"cat-links small\"><a href=\"https:\/\/www.gruene-nf.de\/sylt\/category\/allgemein\/\" rel=\"category tag\">Allgemein<\/a><\/span>\n\t\t\t\t<\/div>\n\t\t\t<\/div>\n\t\t\n\t\t\t\t<div class=\"d-flex flex-row-reverse\">\n\t\t\t\t\t<a href=\"https:\/\/www.gruene-nf.de\/sylt\/2025\/08\/11\/silke-backsen-mdl-auf-sommertour-ein-tag-fuer-nachhaltigkeit-und-lebensqualitaet-auf-sylt\/\" rel=\"bookmark\" class=\"continue-reading\">\n\t\t\t\t\tweiterlesen\t\t\t\t<\/a>\n\t\t\t\t<\/div>\n\t\t\t<\/footer><!-- .entry-footer -->\n\t\t<\/div>\n\t<\/div>\n<\/article><!-- #post-3426 -->\n<\/div><div class=\"col-md-6\">\n<article id=\"post-3359\" class=\"bg-white mb-4 has-shadow post-3359 post type-post status-publish format-standard has-post-thumbnail hentry category-allgemein\">\n\t<div class=\"\">\n\t\t\t\t\t<div class=\"\">\n\t\t\t\t<a href=\"https:\/\/www.gruene-nf.de\/sylt\/2025\/07\/17\/gedanken-fuer-ein-insulares-gremium\/\" aria-label=\"Post Thumbnail\" rel=\"bookmark\">\n\t\t\t\t\t\t\t\t<img loading=\"lazy\" decoding=\"async\" width=\"768\" height=\"960\" src=\"https:\/\/www.gruene-nf.de\/sylt\/wp-content\/uploads\/sites\/6\/2025\/07\/sylt-768x960.png\" class=\"post-thumbnail wp-post-image\" alt=\"GR\u00dcNE legen Konzept f\u00fcr \u201eInsulares Gremium\u201c vor \u2013 neue Impulse f\u00fcr Sylter Zusammenarbeit und B\u00fcrgerbeteiligung\u00a0\" \/>\n\n\t\t\t\t\t\t\t<\/a>\n\t\t\t<\/div>\n\t\t\t\t\t<div class=\"p-45\">\n\t\t\t<header class=\"entry-header mb-2\">\n\t\t\t\t\t\t\t\t<h2 class=\"card-title h4 mb-3\"><a href=\"https:\/\/www.gruene-nf.de\/sylt\/2025\/07\/17\/gedanken-fuer-ein-insulares-gremium\/\" rel=\"bookmark\">GR\u00dcNE legen Konzept f\u00fcr \u201eInsulares Gremium\u201c vor \u2013 neue Impulse f\u00fcr Sylter Zusammenarbeit und B\u00fcrgerbeteiligung\u00a0<\/a><\/h2>\t\t\t\t\t<div class=\"entry-meta mb-3\">\n\t\t\t\t\t\t<span class=\"posted-on\"><time class=\"entry-date published\" datetime=\"2025-07-17T17:25:09+02:00\">17. Juli 2025<\/time><time class=\"updated\" datetime=\"2025-07-25T12:29:47+02:00\">25. Juli 2025<\/time><\/span>\t\t\t\t\t<\/div><!-- .entry-meta -->\n\t\t\t\t\t\t\t\t<\/header><!-- .entry-header -->\n\n\t\t\t<div class=\"entry-content\">\n\t\t\t\t<a href=\"https:\/\/www.gruene-nf.de\/sylt\/2025\/07\/17\/gedanken-fuer-ein-insulares-gremium\/\" rel=\"bookmark\">\n\t\t\t\t<p>B\u00dcNDNIS 90\/DIE GR\u00dcNEN auf Sylt haben am vergangenen Dienstag im Hauptausschuss der Gemeinde Sylt ein m\u00f6gliches Konzept zur St\u00e4rkung der insularen Zusammenarbeit vorgelegt. Kern des Vorschlags ist die Einrichtung des [&hellip;]<\/p>\n\t\t\t\t<\/a>\n\t\t\t<\/div><!-- .entry-content -->\n\n\t\t\t<footer class=\"entry-footer\">\n\t\t\t\t\t\t\t<div class=\"d-flex mt-2 mb-2\">\n\t\t\t\t\t\t\t\t<div>\n\t\t<span class=\"cat-links small\"><a href=\"https:\/\/www.gruene-nf.de\/sylt\/category\/allgemein\/\" rel=\"category tag\">Allgemein<\/a><\/span>\n\t\t\t\t<\/div>\n\t\t\t<\/div>\n\t\t\n\t\t\t\t<div class=\"d-flex flex-row-reverse\">\n\t\t\t\t\t<a href=\"https:\/\/www.gruene-nf.de\/sylt\/2025\/07\/17\/gedanken-fuer-ein-insulares-gremium\/\" rel=\"bookmark\" class=\"continue-reading\">\n\t\t\t\t\tweiterlesen\t\t\t\t<\/a>\n\t\t\t\t<\/div>\n\t\t\t<\/footer><!-- .entry-footer -->\n\t\t<\/div>\n\t<\/div>\n<\/article><!-- #post-3359 -->\n<\/div><div class=\"col-md-6\">\n<article id=\"post-3293\" class=\"bg-white mb-4 has-shadow post-3293 post type-post status-publish format-standard has-post-thumbnail hentry category-allgemein\">\n\t<div class=\"\">\n\t\t\t\t\t<div class=\"\">\n\t\t\t\t<a href=\"https:\/\/www.gruene-nf.de\/sylt\/2025\/07\/02\/von-goldschakal-bis-energiewende-umweltminister-tobias-goldschmidt-auf-sylt\/\" aria-label=\"Post Thumbnail\" rel=\"bookmark\">\n\t\t\t\t\t\t\t\t<img loading=\"lazy\" decoding=\"async\" width=\"768\" height=\"960\" src=\"https:\/\/www.gruene-nf.de\/sylt\/wp-content\/uploads\/sites\/6\/2025\/07\/sharepic-tobias-goldschmidt-sylt-768x960.png\" class=\"post-thumbnail wp-post-image\" alt=\"Von Goldschakal bis Energiewende: Umweltminister Tobias Goldschmidt auf Sylt.\" \/>\n\n\t\t\t\t\t\t\t<\/a>\n\t\t\t<\/div>\n\t\t\t\t\t<div class=\"p-45\">\n\t\t\t<header class=\"entry-header mb-2\">\n\t\t\t\t <div class=\"roofline mb-1\">Am 17. Juli um 19 Uhr<\/div>\t\t\t\t<h2 class=\"card-title h4 mb-3\"><a href=\"https:\/\/www.gruene-nf.de\/sylt\/2025\/07\/02\/von-goldschakal-bis-energiewende-umweltminister-tobias-goldschmidt-auf-sylt\/\" rel=\"bookmark\">Von Goldschakal bis Energiewende: Umweltminister Tobias Goldschmidt auf Sylt.<\/a><\/h2>\t\t\t\t\t<div class=\"entry-meta mb-3\">\n\t\t\t\t\t\t<span class=\"posted-on\"><time class=\"entry-date published\" datetime=\"2025-07-02T12:17:22+02:00\">2. Juli 2025<\/time><time class=\"updated\" datetime=\"2025-07-02T12:17:23+02:00\">2. Juli 2025<\/time><\/span>\t\t\t\t\t<\/div><!-- .entry-meta -->\n\t\t\t\t\t\t\t\t<\/header><!-- .entry-header -->\n\n\t\t\t<div class=\"entry-content\">\n\t\t\t\t<a href=\"https:\/\/www.gruene-nf.de\/sylt\/2025\/07\/02\/von-goldschakal-bis-energiewende-umweltminister-tobias-goldschmidt-auf-sylt\/\" rel=\"bookmark\">\n\t\t\t\t<p>Im Gespr\u00e4ch mit der Moderatorin Margot B\u00f6hm wird es um Themen von der R\u00fcckkehr des Goldschakals bis zur Umsetzung der Energiewende gehen. Am Donnerstag, den 17. Juli 2025, wird Tobias [&hellip;]<\/p>\n\t\t\t\t<\/a>\n\t\t\t<\/div><!-- .entry-content -->\n\n\t\t\t<footer class=\"entry-footer\">\n\t\t\t\t\t\t\t<div class=\"d-flex mt-2 mb-2\">\n\t\t\t\t\t\t\t\t<div>\n\t\t<span class=\"cat-links small\"><a href=\"https:\/\/www.gruene-nf.de\/sylt\/category\/allgemein\/\" rel=\"category tag\">Allgemein<\/a><\/span>\n\t\t\t\t<\/div>\n\t\t\t<\/div>\n\t\t\n\t\t\t\t<div class=\"d-flex flex-row-reverse\">\n\t\t\t\t\t<a href=\"https:\/\/www.gruene-nf.de\/sylt\/2025\/07\/02\/von-goldschakal-bis-energiewende-umweltminister-tobias-goldschmidt-auf-sylt\/\" rel=\"bookmark\" class=\"continue-reading\">\n\t\t\t\t\tweiterlesen\t\t\t\t<\/a>\n\t\t\t\t<\/div>\n\t\t\t<\/footer><!-- .entry-footer -->\n\t\t<\/div>\n\t<\/div>\n<\/article><!-- #post-3293 -->\n<\/div>\n    <a class=\"text-white no-link d-block bg-primary has-green-550-hover-background-color border-radius\" href=\"https:\/\/www.gruene-nf.de\/sylt?post_type=post\" rel=\"\">\n        <div class=\"p-45 row\">\n        <span class=\"continue-reading text-white text-center pt-0\">zum Blog-Archiv<\/span>\n        <\/div>\n    <\/a>\n<\/div><\/div><\/div><\/div>\n\n\n\n<div class=\"wp-block-group alignwide is-layout-constrained wp-block-group-is-layout-constrained\">\n<h1 class=\"wp-block-heading has-text-align-center\">Aktuelles aus dem Kreisverband<\/h1>\n\n\n\n<div style=\"height:26px\" aria-hidden=\"true\" class=\"wp-block-spacer\"><\/div>\n\n\n<ul class=\"is-grid columns-3 has-dates has-excerpts aligncenter wp-block-rss\"><li class='wp-block-rss__item'><div class='wp-block-rss__item-title'><a href='https:\/\/www.gruene-nf.de\/blog\/2026\/04\/23\/starke-foerderung-fuer-pellworm-friedrichstadt\/'>Starke F\u00f6rderung f\u00fcr Pellworm &amp; Friedrichstadt<\/a><\/div><time datetime=\"2026-04-23T13:19:47+02:00\" class=\"wp-block-rss__item-publish-date\">23. April 2026<\/time> <div class=\"wp-block-rss__item-excerpt\">Gute Nachrichten f\u00fcr Nordfriesland!Der Haushaltsausschuss des Bundestags hat heute F\u00f6rdermittel aus dem Sportst\u00e4ttenprogramm beschlossen \u2013 und unsere Region profitiert konkret:\ud83d\udccd Pellworm: 513.750 \u20ac f\u00fcr die Sanierung des Sportplatzes\ud83d\udccd Friedrichstadt: 328.922 [\u2026]<\/div><\/li><li class='wp-block-rss__item'><div class='wp-block-rss__item-title'><a href='https:\/\/www.gruene-nf.de\/blog\/2026\/04\/23\/naechste-sozialsprechstunde-am-28-04\/'>N\u00e4chste Sozialsprechstunde am 28.04.<\/a><\/div><time datetime=\"2026-04-23T13:12:06+02:00\" class=\"wp-block-rss__item-publish-date\">23. April 2026<\/time> <div class=\"wp-block-rss__item-excerpt\">\u201eKein Auskommen mit dem Einkommen?\u201c \u2013 Sorgen ernst nehmen, gemeinsam Perspektiven entwickeln Steigende Lebenshaltungskosten, Unsicherheit \u00fcber die eigene Zukunft und die Frage nach dem gesellschaftlichen Zusammenhalt bewegen viele Menschen. Unter [\u2026]<\/div><\/li><li class='wp-block-rss__item'><div class='wp-block-rss__item-title'><a href='https:\/\/www.gruene-nf.de\/blog\/2026\/03\/24\/bildung-beginnt-im-sandkasten-dialog-mit-aminata-toure-in-niebuell\/'>Bildung beginnt im Sandkasten: Dialog mit Aminata Tour\u00e9 in Nieb\u00fcll<\/a><\/div><time datetime=\"2026-03-24T15:22:50+01:00\" class=\"wp-block-rss__item-publish-date\">24. M\u00e4rz 2026<\/time> <div class=\"wp-block-rss__item-excerpt\">Wie sieht eine gute Kindheit heute aus? Und was muss die Politik tun, damit kein Kind durch das Raster f\u00e4llt? Am 15. April haben wir hohen Besuch in Nordfriesland: Unsere [\u2026]<\/div><\/li><\/ul><\/div>\n\n\n\n<div class=\"wp-block-group alignfull has-white-color has-tanne-background-color has-text-color has-background has-link-color wp-elements-8d1ccac087e806dc7bd0038b33e1f296 is-layout-constrained wp-block-group-is-layout-constrained\">\n<h2 class=\"wp-block-heading has-text-align-center h1\" id=\"werde-aktiv-1\">Werde aktiv<\/h2>\n\n\n\n<p class=\"has-text-align-center\">Hast Du Lust, Dich einzubringen? M\u00f6chtest Du GR\u00dcNE Politik unterst\u00fctzten?<\/p>\n\n\n\n<div class=\"wp-block-buttons is-horizontal is-content-justification-center is-layout-flex wp-container-core-buttons-is-layout-499968f5 wp-block-buttons-is-layout-flex\">\n<div class=\"wp-block-button\"><a class=\"wp-block-button__link wp-element-button\" href=\"https:\/\/www.gruene-nf.de\/spenden\/\">Spenden<\/a><\/div>\n\n\n\n<div class=\"wp-block-button\"><a class=\"wp-block-button__link wp-element-button\" href=\"https:\/\/www.gruene.de\/mitglied-werden\">Mitglied werden<\/a><\/div>\n<\/div>\n<\/div>\n","protected":false},"excerpt":{"rendered":"<p>Herzlich willkommen bei dem GR\u00dcNEN Inselverband Sylt. Wir setzen uns f\u00fcr einen nachhaltigen Tourismus, intakten Naturschutz und bezahlbaren Wohnraum auf Sylt ein. Unser Engagement gilt dem Erhalt der besonderen Insellandschaft, [&hellip;]<\/p>\n","protected":false},"author":1,"featured_media":0,"parent":0,"menu_order":0,"comment_status":"closed","ping_status":"closed","template":"","meta":{"footnotes":""},"tags":[],"class_list":["post-7","page","type-page","status-publish","hentry"],"_links":{"self":[{"href":"https:\/\/www.gruene-nf.de\/sylt\/wp-json\/wp\/v2\/pages\/7","targetHints":{"allow":["GET"]}}],"collection":[{"href":"https:\/\/www.gruene-nf.de\/sylt\/wp-json\/wp\/v2\/pages"}],"about":[{"href":"https:\/\/www.gruene-nf.de\/sylt\/wp-json\/wp\/v2\/types\/page"}],"author":[{"embeddable":true,"href":"https:\/\/www.gruene-nf.de\/sylt\/wp-json\/wp\/v2\/users\/1"}],"replies":[{"embeddable":true,"href":"https:\/\/www.gruene-nf.de\/sylt\/wp-json\/wp\/v2\/comments?post=7"}],"version-history":[{"count":32,"href":"https:\/\/www.gruene-nf.de\/sylt\/wp-json\/wp\/v2\/pages\/7\/revisions"}],"predecessor-version":[{"id":3413,"href":"https:\/\/www.gruene-nf.de\/sylt\/wp-json\/wp\/v2\/pages\/7\/revisions\/3413"}],"wp:attachment":[{"href":"https:\/\/www.gruene-nf.de\/sylt\/wp-json\/wp\/v2\/media?parent=7"}],"wp:term":[{"taxonomy":"post_tag","embeddable":true,"href":"https:\/\/www.gruene-nf.de\/sylt\/wp-json\/wp\/v2\/tags?post=7"}],"curies":[{"name":"wp","href":"https:\/\/api.w.org\/{rel}","templated":true}]}}