{"id":3336,"date":"2025-07-14T16:31:34","date_gmt":"2025-07-14T14:31:34","guid":{"rendered":"https:\/\/www.gruene-nf.de\/sylt\/?page_id=3336"},"modified":"2025-07-14T16:34:18","modified_gmt":"2025-07-14T14:34:18","slug":"kontakt-gruene-gemeinde-sylt","status":"publish","type":"page","link":"https:\/\/www.gruene-nf.de\/sylt\/kontakt-gruene-gemeinde-sylt\/","title":{"rendered":"Kontakt Gr\u00fcne Fraktion Gemeinde Sylt"},"content":{"rendered":"\n<div class=\"comment-respond mb-5\">\n\t<h2 id=\"contact-form-title\" class=\"text-center h1\">Kontaktformular<\/h2>\t<form id=\"sunflower-contact-form\" method=\"post\" class=\"row\">\n\t<input type=\"hidden\" id=\"_wpnonce\" name=\"_wpnonce\" value=\"b4861e2c96\" \/><input type=\"hidden\" name=\"_wp_http_referer\" value=\"\/sylt\/wp-json\/wp\/v2\/pages\/3336\" \/>\n\t<div class=\"col-12 col-md-6\">\n\t\t<p class=\"comment-form-comment\">\n\t\t\t<label for=\"message\">Nachricht <span class=\"required\">*<\/span><\/label>\n\t\t\t<textarea id=\"message\" name=\"message\" cols=\"45\" rows=\"8\" maxlength=\"2000\" required=\"required\"><\/textarea>\n\t\t<\/p>\n\t\t<p class=\"small\">Bitte f\u00fclle alle Pflichtfelder (<span class=\"required\">*<\/span>) aus.<\/p>\n\t\t<p class=\"small\">\n\t\tMit der Nutzung dieses Formulars erkl\u00e4rst du dich mit der Speicherung und Verarbeitung deiner Daten durch diese Website einverstanden. \n\t\tWeiteres entnimm bitte unserer  <a href=\"#\" id=\"privacy_policy_url\">Datenschutzerkl\u00e4rung<\/a>\t\t\t.\n\t\t<\/p>\n\t<\/div>\n\t<div class=\"col-12 col-md-6\"><p class=\"comment-form-author\">\n\t\t<label for=\"name\">Name<\/label>\n\t\t<input id=\"name\" name=\"name\" type=\"text\" value=\"\" size=\"30\" maxlength=\"245\"\/>\n\n\t\t<\/p>\n\t\t<p class=\"comment-form-email\">\n\t\t\t<label for=\"mail\">\n\t\t\tE-Mail <span class=\"required\">*<\/span>\t\t\t<\/label>\n\t\t\t<input id=\"mail\" name=\"mail\" type=\"email\" value=\"\" size=\"30\" maxlength=\"100\" required=\"required\"\/>\n\t\t<\/p>\n\t\t\t\t<p class=\"comment-form-email\">\n\t\t\t<label for=\"captcha\">Was ist 1 + 1? <span class=\"required\">*<\/span><\/label>\n\t\t\t<input id=\"captcha\" name=\"captcha\" type=\"text\" value=\"\" size=\"30\" maxlength=\"100\" required=\"required\"\/>\n\t\t<\/p>\n\n\t<\/div>\n\n\t\t<input id=\"mail-to\" name=\"mail-to\" type=\"hidden\" value=\"==QZk5Cdsl3ctsWa0lGbvBHQmZ2bo5WZrN2bstkLk5WYs9mU\" \/>\n\t\t<p class=\"form-submit\">\n\t\t\t<input name=\"submit\" type=\"submit\" id=\"submit\" class=\"submit\" value=\"absenden\"\/>\n\t\t<\/p>\n\t\t<div id=\"form-error\" class=\"bg-danger p-4 text-white\" style=\"display:none;\"><\/div>\n\t<\/form>\n<\/div>\n\n\n\n<p><\/p>\n\n\n\n<figure class=\"wp-block-image alignleft size-full is-resized\"><a href=\"https:\/\/www.instagram.com\/gruene.wenningstedt.braderup\" target=\"_blank\" rel=\"noreferrer noopener\"><img loading=\"lazy\" decoding=\"async\" width=\"600\" height=\"600\" src=\"https:\/\/www.gruene-nf.de\/sylt\/wp-content\/uploads\/2023\/03\/Insta-2.png\" alt=\"\" class=\"wp-image-2329\" style=\"width:82px;height:82px\" srcset=\"https:\/\/www.gruene-nf.de\/sylt\/wp-content\/uploads\/sites\/6\/2023\/03\/Insta-2.png 600w, https:\/\/www.gruene-nf.de\/sylt\/wp-content\/uploads\/sites\/6\/2023\/03\/Insta-2-300x300.png 300w, https:\/\/www.gruene-nf.de\/sylt\/wp-content\/uploads\/sites\/6\/2023\/03\/Insta-2-150x150.png 150w\" sizes=\"auto, (max-width: 600px) 100vw, 600px\" \/><\/a><figcaption class=\"wp-element-caption\">Instagram<\/figcaption><\/figure>\n\n\n\n<figure class=\"wp-block-image alignleft size-full is-resized\"><a href=\"https:\/\/www.facebook.com\/gruenewenningstedtbraderup\" target=\"_blank\" rel=\"noreferrer noopener\"><img loading=\"lazy\" decoding=\"async\" width=\"600\" height=\"600\" src=\"https:\/\/www.gruene-nf.de\/sylt\/wp-content\/uploads\/2023\/03\/FB-2.png\" alt=\"\" class=\"wp-image-2330\" style=\"width:78px;height:78px\" srcset=\"https:\/\/www.gruene-nf.de\/sylt\/wp-content\/uploads\/sites\/6\/2023\/03\/FB-2.png 600w, https:\/\/www.gruene-nf.de\/sylt\/wp-content\/uploads\/sites\/6\/2023\/03\/FB-2-300x300.png 300w, https:\/\/www.gruene-nf.de\/sylt\/wp-content\/uploads\/sites\/6\/2023\/03\/FB-2-150x150.png 150w\" sizes=\"auto, (max-width: 600px) 100vw, 600px\" \/><\/a><figcaption class=\"wp-element-caption\">Facebook<\/figcaption><\/figure>\n\n\n\n<p><\/p>\n\n\n\n<div style=\"height:100px\" aria-hidden=\"true\" class=\"wp-block-spacer\"><\/div>\n\n\n\n<div class=\"wp-block-group has-text-color has-background is-layout-flow wp-block-group-is-layout-flow\" style=\"color:#ffffff;background-color:#163c29\">\n<div style=\"height:100px\" aria-hidden=\"true\" class=\"wp-block-spacer\"><\/div>\n\n\n\n<h2 class=\"wp-block-heading has-text-align-center h1\" id=\"werde-aktiv-1\">Werde aktiv<\/h2>\n\n\n\n<p class=\"has-text-align-center\">Hast Du Lust Dich einzubringen? M\u00f6chtest Du GR\u00dcNE Politik unterst\u00fctzten?<\/p>\n\n\n\n<div class=\"wp-block-buttons is-horizontal is-content-justification-center is-layout-flex wp-container-core-buttons-is-layout-499968f5 wp-block-buttons-is-layout-flex\">\n<div class=\"wp-block-button\"><a class=\"wp-block-button__link wp-element-button\" href=\"https:\/\/www.gruene-nf.de\/spenden\/\">Spenden<\/a><\/div>\n\n\n\n<div class=\"wp-block-button\"><a class=\"wp-block-button__link wp-element-button\" href=\"https:\/\/www.gruene.de\/mitglied-werden\">Mitglied werden<\/a><\/div>\n<\/div>\n\n\n\n<div style=\"height:100px\" aria-hidden=\"true\" class=\"wp-block-spacer\"><\/div>\n\n\n\n<p><\/p>\n<\/div>\n","protected":false},"excerpt":{"rendered":"<p>Werde aktiv Hast Du Lust Dich einzubringen? M\u00f6chtest Du GR\u00dcNE Politik unterst\u00fctzten?<\/p>\n","protected":false},"author":1,"featured_media":0,"parent":0,"menu_order":0,"comment_status":"closed","ping_status":"closed","template":"","meta":{"footnotes":""},"tags":[],"class_list":["post-3336","page","type-page","status-publish","hentry"],"_links":{"self":[{"href":"https:\/\/www.gruene-nf.de\/sylt\/wp-json\/wp\/v2\/pages\/3336","targetHints":{"allow":["GET"]}}],"collection":[{"href":"https:\/\/www.gruene-nf.de\/sylt\/wp-json\/wp\/v2\/pages"}],"about":[{"href":"https:\/\/www.gruene-nf.de\/sylt\/wp-json\/wp\/v2\/types\/page"}],"author":[{"embeddable":true,"href":"https:\/\/www.gruene-nf.de\/sylt\/wp-json\/wp\/v2\/users\/1"}],"replies":[{"embeddable":true,"href":"https:\/\/www.gruene-nf.de\/sylt\/wp-json\/wp\/v2\/comments?post=3336"}],"version-history":[{"count":2,"href":"https:\/\/www.gruene-nf.de\/sylt\/wp-json\/wp\/v2\/pages\/3336\/revisions"}],"predecessor-version":[{"id":3341,"href":"https:\/\/www.gruene-nf.de\/sylt\/wp-json\/wp\/v2\/pages\/3336\/revisions\/3341"}],"wp:attachment":[{"href":"https:\/\/www.gruene-nf.de\/sylt\/wp-json\/wp\/v2\/media?parent=3336"}],"wp:term":[{"taxonomy":"post_tag","embeddable":true,"href":"https:\/\/www.gruene-nf.de\/sylt\/wp-json\/wp\/v2\/tags?post=3336"}],"curies":[{"name":"wp","href":"https:\/\/api.w.org\/{rel}","templated":true}]}}