{"id":3039,"date":"2023-08-29T15:49:42","date_gmt":"2023-08-29T13:49:42","guid":{"rendered":"https:\/\/www.gruene-nf.de\/sylt\/?page_id=3039"},"modified":"2026-03-27T14:40:38","modified_gmt":"2026-03-27T13:40:38","slug":"list","status":"publish","type":"page","link":"https:\/\/www.gruene-nf.de\/sylt\/list\/","title":{"rendered":"List"},"content":{"rendered":"\n<div class=\"wp-block-cover is-light\" style=\"min-height:519px;aspect-ratio:unset;\"><img loading=\"lazy\" decoding=\"async\" width=\"2560\" height=\"1700\" class=\"wp-block-cover__image-background wp-image-1336\" alt=\"\" src=\"https:\/\/www.gruene-nf.de\/sylt\/wp-content\/uploads\/sites\/6\/2023\/02\/Niemals-war-mehr-Anfang-als-jetzt-scaled-1.jpg\" style=\"object-position:50% 25%\" data-object-fit=\"cover\" data-object-position=\"50% 25%\" srcset=\"https:\/\/www.gruene-nf.de\/sylt\/wp-content\/uploads\/sites\/6\/2023\/02\/Niemals-war-mehr-Anfang-als-jetzt-scaled-1.jpg 2560w, https:\/\/www.gruene-nf.de\/sylt\/wp-content\/uploads\/sites\/6\/2023\/02\/Niemals-war-mehr-Anfang-als-jetzt-scaled-1-300x199.jpg 300w, https:\/\/www.gruene-nf.de\/sylt\/wp-content\/uploads\/sites\/6\/2023\/02\/Niemals-war-mehr-Anfang-als-jetzt-scaled-1-1024x680.jpg 1024w, https:\/\/www.gruene-nf.de\/sylt\/wp-content\/uploads\/sites\/6\/2023\/02\/Niemals-war-mehr-Anfang-als-jetzt-scaled-1-768x510.jpg 768w, https:\/\/www.gruene-nf.de\/sylt\/wp-content\/uploads\/sites\/6\/2023\/02\/Niemals-war-mehr-Anfang-als-jetzt-scaled-1-1536x1020.jpg 1536w, https:\/\/www.gruene-nf.de\/sylt\/wp-content\/uploads\/sites\/6\/2023\/02\/Niemals-war-mehr-Anfang-als-jetzt-scaled-1-2048x1360.jpg 2048w\" sizes=\"auto, (max-width: 2560px) 100vw, 2560px\" \/><span aria-hidden=\"true\" class=\"wp-block-cover__background has-background-dim-0 has-background-dim\"><\/span><div class=\"wp-block-cover__inner-container is-layout-flow wp-block-cover-is-layout-flow\">\n<h1 class=\"wp-block-heading has-text-align-center no-link\"><\/h1>\n<\/div><\/div>\n\n\n\n<div class=\"wp-block-group is-layout-flow wp-block-group-is-layout-flow\">\n<div class=\"wp-block-columns is-layout-flex wp-container-core-columns-is-layout-9d6595d7 wp-block-columns-is-layout-flex\">\n<div class=\"wp-block-column is-layout-flow wp-block-column-is-layout-flow\">\n<h2 class=\"wp-block-heading h1\" id=\"first-content\">Herzlich<br>Willkommen<\/h2>\n\n\n\n<h3 class=\"wp-block-heading h4\">bei der Ortsgruppe List <br>von B\u00dcNDNIS 90\/DIE GR\u00dcNEN!<\/h3>\n<\/div>\n\n\n\n<div class=\"wp-block-column is-layout-flow wp-block-column-is-layout-flow\">\n<p>Wir freuen uns \u00fcber Ihr Interesse an unserer gr\u00fcnen Bewegung, die sich f\u00fcr eine nachhaltige und lebenswerte Zukunft in List einsetzt. Hier auf unserer Webseite m\u00f6chten wir Ihnen einen Einblick in unsere Ziele, Aktivit\u00e4ten und Projekte geben.<\/p>\n\n\n\n<p>Unsere Vision ist klar: Wir setzen uns f\u00fcr Umweltschutz, soziale Gerechtigkeit und offene Politik ein. Wir m\u00f6chten List zu einem Ort machen, in dem Natur und Gemeinschaft im Einklang existieren. Unsere Mitglieder kommen aus verschiedenen Lebensbereichen und bringen vielf\u00e4ltige Ideen ein, um positive Ver\u00e4nderungen zu bewirken.<\/p>\n\n\n\n<p>Egal ob Sie bereits gr\u00fcne Themen unterst\u00fctzen oder sich neu damit befassen \u2013 wir laden Sie herzlich ein, sich mit uns zu vernetzen und Teil unserer Ortsgruppe zu werden. Gemeinsam k\u00f6nnen wir Ideen entwickeln, Projekte vorantreiben und aktiv an einer gr\u00fcnen Zukunft f\u00fcr List arbeiten.<\/p>\n\n\n\n<p><\/p>\n<\/div>\n<\/div>\n<\/div>\n\n\n\n<div class=\"wp-block-columns is-layout-flex wp-container-core-columns-is-layout-9d6595d7 wp-block-columns-is-layout-flex\">\n<div class=\"wp-block-column is-layout-flow wp-block-column-is-layout-flow\">\n<h4 class=\"wp-block-heading h2 mt-4\">Alle Dokumente<\/h4>\n\n\n\n<p><a href=\"https:\/\/www.gruene-nf.de\/sylt\/wp-content\/uploads\/sites\/6\/2022\/08\/20220425_Beherbergungskonzept_Sylt.pdf\" data-type=\"link\" data-id=\"20220425_Beherbergungskonzept_Sylt.pdf\">20220425_Beherbergungskonzept_Sylt<\/a><\/p>\n\n\n\n<p><a href=\"https:\/\/www.gruene-nf.de\/sylt\/wp-content\/uploads\/sites\/6\/2022\/06\/Koalitionsvertrag-2022-2027_.pdf\" data-type=\"link\" data-id=\"Koalitionsvertrag-2022-2027_.pdf\">Koalitionsvertrag-2022-2027_<\/a><\/p>\n\n\n\n<p><a href=\"https:\/\/www.gruene-nf.de\/sylt\/wp-content\/uploads\/sites\/6\/2020\/10\/2020_05_06_ALP_Bericht_Sylt.pdf\" data-type=\"link\" data-id=\"2020_05_06_ALP_Bericht_Sylt.pdf\">Wohnraumbedarfsanalyse (ALP-Studie 2020)<\/a><\/p>\n\n\n\n<p><a href=\"https:\/\/www.gruene-nf.de\/sylt\/wp-content\/uploads\/sites\/6\/2023\/10\/nbb_qualitaetskriterien_februar2013.pdf\" data-type=\"link\" data-id=\"https:\/\/www.gruene-nf.de\/sylt\/wp-content\/uploads\/sites\/6\/2023\/10\/nbb_qualitaetskriterien_februar2013.pdf\">Qualit\u00e4tskriterien B\u00fcrger*innenbeteiligung des Netzwerk B\u00fcrgerbeteiligung<\/a><\/p>\n\n\n\n<p><a href=\"https:\/\/www.gruene-nf.de\/sylt\/wp-content\/uploads\/sites\/6\/2019\/08\/klimaschutzkonzept_Sylt_2011.pdf\" data-type=\"link\" data-id=\"klimaschutzkonzept_Sylt_2011.pdf\">Klimaschutzkonzept Sylt 2011<\/a><\/p>\n\n\n\n<p><a href=\"https:\/\/www.gruene-nf.de\/sylt\/wp-content\/uploads\/sites\/6\/2018\/11\/OEk-Endbericht_kompr.pdf\" data-type=\"link\" data-id=\"https:\/\/www.gruene-nf.de\/sylt\/wp-content\/uploads\/sites\/6\/2018\/11\/OEk-Endbericht_kompr.pdf\">Ortsentwicklungskonzept&nbsp; List 2013<\/a><\/p>\n\n\n\n<p><a href=\"https:\/\/www.gruene-nf.de\/sylt\/wp-content\/uploads\/sites\/6\/2018\/11\/Resolution-zum-Klimaschutz-2014.pdf\" data-type=\"link\" data-id=\"Resolution-zum-Klimaschutz-2014.pdf\">Resolution zum Klimaschutz 2014<\/a><br>&#8230; und der <a href=\"http:\/\/www.uba.co2-rechner.de\/de_DE\/\">CO2-Rechner<\/a> des Bundesumweltamtes<\/p>\n\n\n\n<p><a href=\"https:\/\/www.gruene-nf.de\/sylt\/wp-content\/uploads\/sites\/6\/2019\/11\/Insulares-Mobilitaets-und-Verkehrskonzept-Sylt-20142016.pdf\" data-type=\"attachment\" data-id=\"531\">Insulares <\/a><a href=\"https:\/\/www.gruene-nf.de\/sylt\/2020\/10\/12\/eckdaten-fuer-ein-mobilitaetskonzept-in-list-und-insular\/\">Mobilit\u00e4tskonzept 2014<\/a><\/p>\n\n\n\n<p><a href=\"https:\/\/www.gruene-nf.de\/sylt\/wp-content\/uploads\/sites\/6\/2018\/11\/Tourismuskonzept-List-2016.pdf\" data-type=\"link\" data-id=\"https:\/\/www.gruene-nf.de\/sylt\/wp-content\/uploads\/sites\/6\/2018\/11\/Tourismuskonzept-List-2016.pdf\">Tourismuskonzept 2016<\/a><\/p>\n\n\n\n<p><a href=\"https:\/\/www.gruene-nf.de\/sylt\/wp-content\/uploads\/sites\/6\/2023\/10\/2020-12-21_Geschaeftsordnung-Gemeinde-List.pdf\" data-type=\"link\" data-id=\"https:\/\/www.gruene-nf.de\/sylt\/wp-content\/uploads\/sites\/6\/2023\/10\/2020-12-21_Geschaeftsordnung-Gemeinde-List.pdf\">Gesch\u00e4ftsordnung seit Dezember 2020<\/a><\/p>\n\n\n\n<p><a href=\"https:\/\/www.amtlandschaftsylt.de\/images\/stories\/Satzungen_neu\/Gemeinde%20List\/2023-02_Hauptsatzung%20List.pdf\">Hauptsatzung<\/a><\/p>\n\n\n\n<p><a href=\"https:\/\/www.gruene-nf.de\/sylt\/wp-content\/uploads\/sites\/6\/2018\/11\/OGS-List.pdf\" data-type=\"link\" data-id=\"OGS-List.pdf\">Ortsgestaltungsatzung<\/a><\/p>\n\n\n\n<p><a href=\"https:\/\/www.gruene-nf.de\/sylt\/wp-content\/uploads\/sites\/6\/2023\/06\/2023-06-12-FGO-Gruene.pdf\" data-type=\"attachment\" data-id=\"1550\">Fraktionsgesch\u00e4ftsordnung<\/a><\/p>\n<\/div>\n\n\n\n<div class=\"wp-block-column is-layout-flow wp-block-column-is-layout-flow\">\n<h4 class=\"wp-block-heading h2 mt-4\">Termine<\/h4>\n\n\n\n<p><\/p>\n\n\n\n<p><strong>N\u00e4chstes Treffen der Gr\u00fcnen Fraktion in List<\/strong> <strong>am <\/strong> <br>Ort: Aula der Alten Schule.<br>Termin &#8230;.<br>Ihr m\u00f6chtet mal reinschnuppern? <a href=\"#\" data-unscramble=\"ed.tsil-eneurg@br\">Meldet Euch gerne bei uns!<\/a><\/p>\n\n\n\n<p><strong>Siehe nachfolgend die n\u00e4chste Termine der \u00f6ffentlichen Sitzungen der <\/strong><br>Gemeindevertretung und der Aussch\u00fcsse. Die Sitzungen finden statt in der Aula der Alten Schule. <br><a href=\"https:\/\/amt-sylt.gremien.info\/calendar.php?month=2024-11\">Die Tagesordnung findet ihr 7 Tage vor der Sitzung hier im Internet.<\/a><\/p>\n\n\n\n<p>Sitzung der Gemeindevertretung: 19 Uhr am 07.Mai. 2026<\/p>\n\n\n\n<p>Bauausschusssitzung: 19 Uhr am 29.April.2026<\/p>\n\n\n\n<p>Sozial-, Kultur-, Umweltausschuss: 19 Uhr am &#8230;..<\/p>\n\n\n\n<p>Tourismussausschuss: &#8230;&#8230;<\/p>\n\n\n\n<p>Finanzausschuss: &#8230;&#8230;.<br><\/p>\n<\/div>\n<\/div>\n\n\n\n<h2 class=\"wp-block-heading\"><\/h2>\n\n\n\n<p>&#8212;&#8212;&#8212;&#8212;&#8212;&#8212;&#8212;&#8212;&#8212;<\/p>\n\n\n\n<p><strong>DER ANFANG IN LIST:<\/strong><\/p>\n\n\n\n<p><b>List, den 13.03.2018<\/b><\/p>\n\n\n\n<h3 class=\"wp-block-heading\"><b>B\u00fcndnis 90\/Die Gr\u00fcnen \u2013 jetzt auch in List!<\/b><\/h3>\n\n\n\n<p>Zur Kommunalwahl am 6. Mai kandidieren die Gr\u00fcnen jetzt auch in List.<\/p>\n\n\n\n<figure class=\"wp-block-image\"><img loading=\"lazy\" decoding=\"async\" width=\"1024\" height=\"683\" src=\"https:\/\/www.gruene-nf.de\/sylt\/wp-content\/uploads\/sites\/6\/2018\/03\/Gruene-in-List-bhfstr-w-scaled-1-1024x683.jpg\" alt=\"\" class=\"wp-image-723\" srcset=\"https:\/\/www.gruene-nf.de\/sylt\/wp-content\/uploads\/sites\/6\/2018\/03\/Gruene-in-List-bhfstr-w-scaled-1-1024x683.jpg 1024w, https:\/\/www.gruene-nf.de\/sylt\/wp-content\/uploads\/sites\/6\/2018\/03\/Gruene-in-List-bhfstr-w-scaled-1-300x200.jpg 300w, https:\/\/www.gruene-nf.de\/sylt\/wp-content\/uploads\/sites\/6\/2018\/03\/Gruene-in-List-bhfstr-w-scaled-1-768x512.jpg 768w, https:\/\/www.gruene-nf.de\/sylt\/wp-content\/uploads\/sites\/6\/2018\/03\/Gruene-in-List-bhfstr-w-scaled-1-1536x1024.jpg 1536w, https:\/\/www.gruene-nf.de\/sylt\/wp-content\/uploads\/sites\/6\/2018\/03\/Gruene-in-List-bhfstr-w-scaled-1-2048x1366.jpg 2048w\" sizes=\"auto, (max-width: 1024px) 100vw, 1024px\" \/><figcaption class=\"wp-element-caption\">v.l.n.r.:Margot B\u00f6hm, Timm Kress, Rolf B\u00fcnte, Manuela Poppinga, Silke Lieser, Rune Michaelis. Nicht im Bild: Anne Schacht<\/figcaption><\/figure>\n\n\n\n<p>Sie kommen aus den verschiedensten Berufsgruppen von Biologie \u00fcber Naturschutz, Elektrotechnik, Hotellerie und Coaching\/Unternehmensberatung.<\/p>\n\n\n\n<p>Sie leben teils schon jahrzehntelang in List und sind andernteils relativ neu im n\u00f6rdlichsten Dorf Deutschlands. Sie sind zwischen 29 und 59 Jahre alt und m\u00f6chten die Ortsentwicklung aus \u201egr\u00fcner Perspektive\u201c begleiten und voranbringen.<\/p>\n\n\n\n<p>In verschiedenen Treffen haben die Gr\u00fcnen in List ihre Arbeitsschwerpunkte herausgearbeitet. Mit \u201eweitem Herz und klarem Horizont\u201c treten sie an, um Transparenz und eine breite Beteiligung von B\u00fcrgerinnen und B\u00fcrger an der Entwicklung des Ortes zu erm\u00f6glichen.<\/p>\n\n\n\n<p>Eins der Schwerpunktthemen ist, Mobilit\u00e4t ohne eigenes Auto zu erleichtern. \u201eIch arbeite darauf hin, dass das Leben ohne eigenes Auto auf Sylt fraglos, bequem und preisg\u00fcnstig m\u00f6glich ist und Spa\u00df macht\u201c, so Listenkandidatin Margot B\u00f6hm. \u201eWir unterst\u00fctzen die Idee eines inselweiten 365-Euro-Jahrestickets f\u00fcr den Bus und die Umsetzung von entspannungsf\u00f6rdernden Radfahr- und Fu\u00dfg\u00e4ngerkonzepten.\u201c<\/p>\n\n\n\n<p>Weiterer Arbeitsschwerpunkt ist die Weiterentwicklung eines achtsamen, klimafreundlichen Tourismus.<\/p>\n\n\n\n<p>\u201eMit der Natur um uns herum haben wir ein Riesenprivileg\u201c, so Timm Kress, einer der Initiatoren der Gr\u00fcnen List. \u201eDie zu erhalten ist mir ein gro\u00dfes Anliegen. List, die Insel Sylt und der Nationalpark Wattenmeer sind deutschlandweit so bekannt, dass das was wir tun Signalwirkung hat. Wir wollen einen sanften Tourismus.\u201c<\/p>\n\n\n\n<p>So wie ihnen wichtig ist, die Natur in und um List zu bewahren, so unterst\u00fctzen sie die Realisierung bezahlbaren Wohnens auch f\u00fcr Familien sowie die Schaffung ausreichender Kita-Pl\u00e4tze.<\/p>\n\n\n\n<p>\u201eMir ist es wichtig, dass sich List nachhaltig und familienfreundlich entwickelt\u201c, so Anne Schacht. \u201eDurch die Schaffung von bezahlbaren Dauerwohnraum und auch von Kinder-Betreuungspl\u00e4tzen. Und ein Spielplatz w\u00e4re auch sch\u00f6n!\u201c<\/p>\n\n\n\n<p>Bei den Gr\u00fcnen ist es selbstverst\u00e4ndlich, M\u00e4nner und Frauen in einem ausgewogenen Verh\u00e4ltnis ins Rennen zu schicken.<\/p>\n\n\n\n<p>Zur Wahl stellen sich Margot B\u00f6hm, Rolf B\u00fcnte, Timm Kress, Silke Lieser, Manuela Poppinga, Rune Michaelis und Anne Schacht \u2013 in dieser Reihenfolge auf der Liste.<\/p>\n\n\n\n<p>Weitere Information bei Margot B\u00f6hm, Tel. 04651-836536, mail@gruene-list.de.<\/p>\n","protected":false},"excerpt":{"rendered":"<p>HerzlichWillkommen bei der Ortsgruppe List von B\u00dcNDNIS 90\/DIE GR\u00dcNEN! Wir freuen uns \u00fcber Ihr Interesse an unserer gr\u00fcnen Bewegung, die sich f\u00fcr eine nachhaltige und lebenswerte Zukunft in List einsetzt. [&hellip;]<\/p>\n","protected":false},"author":1,"featured_media":0,"parent":0,"menu_order":0,"comment_status":"closed","ping_status":"closed","template":"","meta":{"footnotes":""},"tags":[],"class_list":["post-3039","page","type-page","status-publish","hentry"],"_links":{"self":[{"href":"https:\/\/www.gruene-nf.de\/sylt\/wp-json\/wp\/v2\/pages\/3039","targetHints":{"allow":["GET"]}}],"collection":[{"href":"https:\/\/www.gruene-nf.de\/sylt\/wp-json\/wp\/v2\/pages"}],"about":[{"href":"https:\/\/www.gruene-nf.de\/sylt\/wp-json\/wp\/v2\/types\/page"}],"author":[{"embeddable":true,"href":"https:\/\/www.gruene-nf.de\/sylt\/wp-json\/wp\/v2\/users\/1"}],"replies":[{"embeddable":true,"href":"https:\/\/www.gruene-nf.de\/sylt\/wp-json\/wp\/v2\/comments?post=3039"}],"version-history":[{"count":50,"href":"https:\/\/www.gruene-nf.de\/sylt\/wp-json\/wp\/v2\/pages\/3039\/revisions"}],"predecessor-version":[{"id":3474,"href":"https:\/\/www.gruene-nf.de\/sylt\/wp-json\/wp\/v2\/pages\/3039\/revisions\/3474"}],"wp:attachment":[{"href":"https:\/\/www.gruene-nf.de\/sylt\/wp-json\/wp\/v2\/media?parent=3039"}],"wp:term":[{"taxonomy":"post_tag","embeddable":true,"href":"https:\/\/www.gruene-nf.de\/sylt\/wp-json\/wp\/v2\/tags?post=3039"}],"curies":[{"name":"wp","href":"https:\/\/api.w.org\/{rel}","templated":true}]}}