{"id":27,"date":"2022-02-02T16:06:40","date_gmt":"2022-02-02T15:06:40","guid":{"rendered":"https:\/\/gruene-sylt.de\/?page_id=27"},"modified":"2025-08-13T14:11:22","modified_gmt":"2025-08-13T12:11:22","slug":"aktive","status":"publish","type":"page","link":"https:\/\/www.gruene-nf.de\/sylt\/aktive\/","title":{"rendered":"Vorstand und Kreis"},"content":{"rendered":"\n<div style=\"height:59px\" aria-hidden=\"true\" class=\"wp-block-spacer\"><\/div>\n\n\n\n<h2 class=\"wp-block-heading\" id=\"der-ortsvorstand\">Inselvorstand<\/h2>\n\n\n\n<figure class=\"wp-block-image size-large\"><img loading=\"lazy\" decoding=\"async\" width=\"1024\" height=\"683\" src=\"https:\/\/www.gruene-nf.de\/sylt\/wp-content\/uploads\/sites\/6\/2025\/06\/inselvorstand-1024x683.jpg\" alt=\"\" class=\"wp-image-3286\" srcset=\"https:\/\/www.gruene-nf.de\/sylt\/wp-content\/uploads\/sites\/6\/2025\/06\/inselvorstand-1024x683.jpg 1024w, https:\/\/www.gruene-nf.de\/sylt\/wp-content\/uploads\/sites\/6\/2025\/06\/inselvorstand-300x200.jpg 300w, https:\/\/www.gruene-nf.de\/sylt\/wp-content\/uploads\/sites\/6\/2025\/06\/inselvorstand-768x512.jpg 768w, https:\/\/www.gruene-nf.de\/sylt\/wp-content\/uploads\/sites\/6\/2025\/06\/inselvorstand-1536x1024.jpg 1536w, https:\/\/www.gruene-nf.de\/sylt\/wp-content\/uploads\/sites\/6\/2025\/06\/inselvorstand-2048x1366.jpg 2048w\" sizes=\"auto, (max-width: 1024px) 100vw, 1024px\" \/><\/figure>\n\n\n\n<div class=\"wp-block-columns is-layout-flex wp-container-core-columns-is-layout-9d6595d7 wp-block-columns-is-layout-flex\">\n<div class=\"wp-block-column mb-md-4 is-layout-flow wp-block-column-is-layout-flow\">\n<div class=\"wp-block-columns is-layout-flex wp-container-core-columns-is-layout-9d6595d7 wp-block-columns-is-layout-flex\">\n<div class=\"wp-block-column mb-md-4 is-layout-flow wp-block-column-is-layout-flow\"><\/div>\n<\/div>\n\n\n\n<div class=\"wp-block-group is-layout-flow wp-block-group-is-layout-flow\">\n<div class=\"wp-block-columns is-layout-flex wp-container-core-columns-is-layout-9d6595d7 wp-block-columns-is-layout-flex\">\n<div class=\"wp-block-column is-layout-flow wp-block-column-is-layout-flow\">\n<h2 class=\"wp-block-heading person-description\">Maria Andresen<\/h2>\n\n\n\n<p><strong>Sprecherin<\/strong><\/p>\n\n\n\n<p class=\"person-mail no-link\"><a href=\"#\" data-unscramble=\"ten.xmg@nesredna-airam\">maria-andresen@gmx.net<\/a><\/p>\n\n\n\n<p>Ort: Westerland<\/p>\n\n\n\n<p>Ich lebe seit 1969 auf Sylt und bin Mitglied bei den Gr\u00fcnen seit 1984.&nbsp;<br>Seitdem habe ich verschiedene Aufgaben vor Ort, <br>auf Kreis- und Landesebene wahrgenommen<\/p>\n\n\n\n<p>Lange Jahre war ich auch Fraktionssvorsitzende von B\u00dcNDNIS 90\/DIE GR\u00dcNEN in der Gemeindevertretung der Gemeinde Sylt. Besonders wichtig f\u00fcr mich sind die Themen Frauen, Nachhaltigkeit, Tourismus und Verkehr.<\/p>\n<\/div>\n\n\n\n<div class=\"wp-block-column is-layout-flow wp-block-column-is-layout-flow\">\n<h2 class=\"wp-block-heading\">Rolf B\u00fcnte<\/h2>\n\n\n\n<p><strong>Sprecher<\/strong><\/p>\n\n\n\n<p class=\"no-link\"><a href=\"#\" data-unscramble=\"ed.tlys-eneurg@flor\">rb@gruene-list.de<\/a><\/p>\n\n\n\n<p>Ort: List<\/p>\n\n\n\n<p>Ich bin Jahrgang 1958 und in Dinslaken am Niederrhein geboren. Nach meiner Lehre als Mess- und Regelmechaniker habe ich \u00fcber den zweiten Bildungsweg meine allgemeine Hochschulreife nachgeholt und anschlie\u00dfend Automatisierungstechnik in Steinfurt (NRW) studiert. Nach  T\u00e4tigkeiten in einer Entwicklungsabteilung und im technischen Vertrieb bin ich Januar 2017 in der Gemeinde List und bei uns Gr\u00fcnen auf Sylt angekommen. Wichtig sind mir: Transparenz und Mitbestimmung, sowie ein Ende des ausufernden Baubooms zum Nachteil unserer Inselb\u00fcrger. Ein Verkehrskonzept mit dem Schwerpunkt auf Fu\u00dfg\u00e4nger, Radfahrer ,bezahlbaren \u00d6PNV und keinen Vorrang f\u00fcr die Autoz\u00fcge mehr.  <\/p>\n\n\n\n<p><\/p>\n<\/div>\n\n\n\n<div class=\"wp-block-column is-layout-flow wp-block-column-is-layout-flow\">\n<h2 class=\"wp-block-heading\">Dagmar Andreas<\/h2>\n\n\n\n<p><strong>Beisitzerin<\/strong><\/p>\n\n\n\n<p>Ort: Wenningstedt-Braderup<\/p>\n<\/div>\n<\/div>\n\n\n\n<div class=\"wp-block-columns is-layout-flex wp-container-core-columns-is-layout-9d6595d7 wp-block-columns-is-layout-flex\">\n<div class=\"wp-block-column is-layout-flow wp-block-column-is-layout-flow\">\n<div class=\"wp-block-columns is-layout-flex wp-container-core-columns-is-layout-9d6595d7 wp-block-columns-is-layout-flex\">\n<div class=\"wp-block-column mb-md-4 is-layout-flow wp-block-column-is-layout-flow\">\n<div style=\"height:30px\" aria-hidden=\"true\" class=\"wp-block-spacer\"><\/div>\n\n\n\n<h2 class=\"wp-block-heading\" id=\"burgerliche-mitglieder-oder-aktive-ohne-mitgliedsstatus\">Sylt im Kreistag<\/h2>\n\n\n\n<div style=\"height:19px\" aria-hidden=\"true\" class=\"wp-block-spacer\"><\/div>\n<\/div>\n<\/div>\n<\/div>\n<\/div>\n<\/div>\n<\/div>\n<\/div>\n\n\n\n<div style=\"height:0px\" aria-hidden=\"true\" class=\"wp-block-spacer\"><\/div>\n\n\n\n<div class=\"wp-block-columns is-layout-flex wp-container-core-columns-is-layout-9d6595d7 wp-block-columns-is-layout-flex\">\n<div class=\"wp-block-column mb-md-4 is-layout-flow wp-block-column-is-layout-flow\">\n<div class=\"wp-block-columns is-layout-flex wp-container-core-columns-is-layout-9d6595d7 wp-block-columns-is-layout-flex\">\n<div class=\"wp-block-column is-layout-flow wp-block-column-is-layout-flow\">\n<div class=\"wp-block-media-text alignwide is-stacked-on-mobile person has-shadow\"><figure class=\"wp-block-media-text__media\"><img loading=\"lazy\" decoding=\"async\" width=\"1024\" height=\"558\" src=\"https:\/\/www.gruene-nf.de\/sylt\/wp-content\/uploads\/sites\/6\/2023\/03\/gruene-sh-digitale-formate-v02_1-Kopie-2-scaled-1-1024x558.jpeg\" alt=\"Margot B\u00f6hm\" class=\"wp-image-1479 size-full\" srcset=\"https:\/\/www.gruene-nf.de\/sylt\/wp-content\/uploads\/sites\/6\/2023\/03\/gruene-sh-digitale-formate-v02_1-Kopie-2-scaled-1-1024x558.jpeg 1024w, https:\/\/www.gruene-nf.de\/sylt\/wp-content\/uploads\/sites\/6\/2023\/03\/gruene-sh-digitale-formate-v02_1-Kopie-2-scaled-1-300x163.jpeg 300w, https:\/\/www.gruene-nf.de\/sylt\/wp-content\/uploads\/sites\/6\/2023\/03\/gruene-sh-digitale-formate-v02_1-Kopie-2-scaled-1-768x418.jpeg 768w, https:\/\/www.gruene-nf.de\/sylt\/wp-content\/uploads\/sites\/6\/2023\/03\/gruene-sh-digitale-formate-v02_1-Kopie-2-scaled-1-1536x836.jpeg 1536w, https:\/\/www.gruene-nf.de\/sylt\/wp-content\/uploads\/sites\/6\/2023\/03\/gruene-sh-digitale-formate-v02_1-Kopie-2-scaled-1-2048x1115.jpeg 2048w\" sizes=\"auto, (max-width: 1024px) 100vw, 1024px\" \/><\/figure><div class=\"wp-block-media-text__content\">\n<p class=\"person-name\">Margot B\u00f6hm<\/p>\n\n\n\n<p class=\"person-description\">Kreistagsfraktion<\/p>\n\n\n\n<p class=\"person-mail no-link\"><a href=\"#\" data-unscramble=\"ed.tsil-eneurg@bm\">E-Mail<\/a><\/p>\n\n\n\n<p class=\"person-description\">Hall\u00f6le zusammen! Seit Januar 2017 wohne ich in List und dort 2018 das erste Mal in den Gemeinderat gew\u00e4hlt worden. Auch sitze ich seit 20218 f\u00fcr die Sylter Gr\u00fcnen im Kreistag Nordfriesland und leitete dort bis zum Ende der Wahlperiode 2018-2023 als Vorsitzende den Wirtschaftsausschuss.<\/p>\n\n\n\n<p class=\"person-description\">Ich komme aus dem Rheinland (NRW) und lebe seit 2016 hier auf der Insel. \u00dcber Lothar Kochs Buch \u201eSyltopia\u201c bin ich zu den Gr\u00fcnen gekommen. Ich setze mich daf\u00fcr ein, den Erholungswert der Insel wieder herzustellen. Ich liebe die Ruhe und den Gesang der V\u00f6gel, das Ger\u00e4usch, das der Wind macht wenn er durch den Strandhafer streift, den Duft der Bl\u00fcten und des D\u00fcnengrases in der Sonne. Mein Ziel ist es, das Rad- und Busfahren hier auf Sylt immer bequemer, flexibler, attraktiver und selbstverst\u00e4ndlicher zu machen. Einkaufen muss auf diese Weise funktionieren, der Weg zur Arbeit und zu Freizeitaktivit\u00e4ten. Ich setze mich daf\u00fcr ein, dass die Bedingungen daf\u00fcr besser werden, so dass sanfte Mobilit\u00e4t in jede Lebenswirklichkeit passt. Daf\u00fcr braucht es Kreativit\u00e4t, Mut und Entschlossenheit. Und dann geht das auch.<\/p>\n<\/div><\/div>\n<\/div>\n\n\n\n<div class=\"wp-block-column is-layout-flow wp-block-column-is-layout-flow\">\n<div class=\"wp-block-media-text alignwide is-stacked-on-mobile person has-shadow\"><figure class=\"wp-block-media-text__media\"><img loading=\"lazy\" decoding=\"async\" width=\"1024\" height=\"645\" src=\"https:\/\/www.gruene-nf.de\/sylt\/wp-content\/uploads\/sites\/6\/2023\/03\/GRUENE_SH_HUSUM-8037-scaled-1-e1755087077134-1024x645.jpg\" alt=\"\" class=\"wp-image-2542 size-full\" srcset=\"https:\/\/www.gruene-nf.de\/sylt\/wp-content\/uploads\/sites\/6\/2023\/03\/GRUENE_SH_HUSUM-8037-scaled-1-e1755087077134-1024x645.jpg 1024w, https:\/\/www.gruene-nf.de\/sylt\/wp-content\/uploads\/sites\/6\/2023\/03\/GRUENE_SH_HUSUM-8037-scaled-1-e1755087077134-300x189.jpg 300w, https:\/\/www.gruene-nf.de\/sylt\/wp-content\/uploads\/sites\/6\/2023\/03\/GRUENE_SH_HUSUM-8037-scaled-1-e1755087077134-768x484.jpg 768w, https:\/\/www.gruene-nf.de\/sylt\/wp-content\/uploads\/sites\/6\/2023\/03\/GRUENE_SH_HUSUM-8037-scaled-1-e1755087077134-1536x967.jpg 1536w, https:\/\/www.gruene-nf.de\/sylt\/wp-content\/uploads\/sites\/6\/2023\/03\/GRUENE_SH_HUSUM-8037-scaled-1-e1755087077134.jpg 1707w\" sizes=\"auto, (max-width: 1024px) 100vw, 1024px\" \/><\/figure><div class=\"wp-block-media-text__content\">\n<p class=\"person-name\">Rolf B\u00fcnte<\/p>\n\n\n\n<p class=\"person-description\">Kreistagsfraktion<\/p>\n\n\n\n<p class=\"person-mail no-link\"><a href=\"#\" data-unscramble=\"ed.tsil-eneurg@br\">E-Mail<\/a><\/p>\n\n\n\n<p>Ich bin Jahrgang 1958 und in Dinslaken am Niederrhein geboren. Nach meiner Lehre als Mess- und Regelmechaniker habe ich \u00fcber den zweiten Bildungsweg meine allgemeine Hochschulreife nachgeholt und anschlie\u00dfend Automatisierungstechnik in Steinfurt (NRW) studiert. Nach T\u00e4tigkeiten in einer Entwicklungsabteilung und im technischen Vertrieb bin ich Januar 2017 in der Gemeinde List und bei uns Gr\u00fcnen auf Sylt angekommen. Wichtig sind mir: Transparenz und Mitbestimmung, sowie ein Ende des ausufernden Baubooms zum Nachteil unserer Inselb\u00fcrger. Ein Verkehrskonzept mit dem Schwerpunkt auf Fu\u00dfg\u00e4nger, Radfahrer ,bezahlbaren \u00d6PNV und keinen Vorrang f\u00fcr die Autoz\u00fcge mehr sind Bereich f\u00fcr die ich mich auf Sylt aber auch im Kreis einsetze.<\/p>\n<\/div><\/div>\n<\/div>\n<\/div>\n<\/div>\n<\/div>\n\n\n\n<p><\/p>\n","protected":false},"excerpt":{"rendered":"<p>Inselvorstand Maria Andresen Sprecherin maria-andresen@gmx.net Ort: Westerland Ich lebe seit 1969 auf Sylt und bin Mitglied bei den Gr\u00fcnen seit 1984.&nbsp;Seitdem habe ich verschiedene Aufgaben vor Ort, auf Kreis- und [&hellip;]<\/p>\n","protected":false},"author":1,"featured_media":0,"parent":0,"menu_order":0,"comment_status":"closed","ping_status":"closed","template":"","meta":{"footnotes":""},"tags":[],"class_list":["post-27","page","type-page","status-publish","hentry"],"_links":{"self":[{"href":"https:\/\/www.gruene-nf.de\/sylt\/wp-json\/wp\/v2\/pages\/27","targetHints":{"allow":["GET"]}}],"collection":[{"href":"https:\/\/www.gruene-nf.de\/sylt\/wp-json\/wp\/v2\/pages"}],"about":[{"href":"https:\/\/www.gruene-nf.de\/sylt\/wp-json\/wp\/v2\/types\/page"}],"author":[{"embeddable":true,"href":"https:\/\/www.gruene-nf.de\/sylt\/wp-json\/wp\/v2\/users\/1"}],"replies":[{"embeddable":true,"href":"https:\/\/www.gruene-nf.de\/sylt\/wp-json\/wp\/v2\/comments?post=27"}],"version-history":[{"count":24,"href":"https:\/\/www.gruene-nf.de\/sylt\/wp-json\/wp\/v2\/pages\/27\/revisions"}],"predecessor-version":[{"id":3443,"href":"https:\/\/www.gruene-nf.de\/sylt\/wp-json\/wp\/v2\/pages\/27\/revisions\/3443"}],"wp:attachment":[{"href":"https:\/\/www.gruene-nf.de\/sylt\/wp-json\/wp\/v2\/media?parent=27"}],"wp:term":[{"taxonomy":"post_tag","embeddable":true,"href":"https:\/\/www.gruene-nf.de\/sylt\/wp-json\/wp\/v2\/tags?post=27"}],"curies":[{"name":"wp","href":"https:\/\/api.w.org\/{rel}","templated":true}]}}