{"id":2334,"date":"2023-03-24T04:07:44","date_gmt":"2023-03-24T03:07:44","guid":{"rendered":"https:\/\/gruene-sylt.de\/?page_id=2334"},"modified":"2025-08-22T11:12:14","modified_gmt":"2025-08-22T09:12:14","slug":"wenningstedt-braderup-2","status":"publish","type":"page","link":"https:\/\/www.gruene-nf.de\/sylt\/wenningstedt-braderup-2\/","title":{"rendered":"Aktive in Wenningstedt-Braderup"},"content":{"rendered":"\n<div style=\"height:100px\" aria-hidden=\"true\" class=\"wp-block-spacer\"><\/div>\n\n\n\n<div class=\"wp-block-columns is-layout-flex wp-container-core-columns-is-layout-9d6595d7 wp-block-columns-is-layout-flex\">\n<div class=\"wp-block-column mb-md-4 is-layout-flow wp-block-column-is-layout-flow\">\n<div class=\"wp-block-columns is-layout-flex wp-container-core-columns-is-layout-9d6595d7 wp-block-columns-is-layout-flex\">\n<div class=\"wp-block-column is-layout-flow wp-block-column-is-layout-flow\">\n<div class=\"wp-block-media-text alignwide is-stacked-on-mobile person has-shadow\"><figure class=\"wp-block-media-text__media\"><img loading=\"lazy\" decoding=\"async\" width=\"275\" height=\"279\" src=\"https:\/\/www.gruene-nf.de\/sylt\/wp-content\/uploads\/sites\/6\/2023\/03\/Katrin-3-ProfilbBild.png\" alt=\"\" class=\"wp-image-2354 size-full\"\/><\/figure><div class=\"wp-block-media-text__content\">\n<p class=\"person-name\">Katrin Thies<\/p>\n\n\n\n<p class=\"person-description\"><strong>Jahrgang:<\/strong> 1965<\/p>\n\n\n\n<p><strong>Beruf:<\/strong> Druckingenieurin &amp; Gastgeberin. <\/p>\n\n\n\n<p><strong>Hobby:<\/strong> Yogalehrerin<\/p>\n\n\n\n<p><strong>Statement:<\/strong><br>F\u00fcr Wenningstedt-Braderup w\u00fcnsche ich mir mehr Miteinander, mehr Austausch als Basis f\u00fcr einen gemeinsam gestalteten Lebensraum. Einen Ort, der sprie\u00dft &#8211; nicht nur auf den Wiesen, sondern auch in den Herzen.&nbsp;<\/p>\n\n\n\n<p>Gerne packe ich an und helfe die Dinge zu gestalten.&nbsp;<\/p>\n\n\n\n<p class=\"person-mail no-link\"><strong>Kontakt:<\/strong> <a href=\"#\" data-unscramble=\"ed.tlys-eneurg@seiht.nirtak\" target=\"_blank\" rel=\"noreferrer noopener\">katrin.thies@gruene-sylt.de<\/a><\/p>\n<\/div><\/div>\n<\/div>\n\n\n\n<div class=\"wp-block-column is-layout-flow wp-block-column-is-layout-flow\">\n<div class=\"wp-block-media-text alignwide is-stacked-on-mobile person has-shadow\"><figure class=\"wp-block-media-text__media\"><img loading=\"lazy\" decoding=\"async\" width=\"288\" height=\"235\" src=\"https:\/\/www.gruene-nf.de\/sylt\/wp-content\/uploads\/sites\/6\/2023\/03\/Joerg-2-Profilbild-1.png\" alt=\"\" class=\"wp-image-2357 size-full\"\/><\/figure><div class=\"wp-block-media-text__content\">\n<p class=\"person-name\">J\u00f6rg Kosanke<\/p>\n\n\n\n<p class=\"person-description\"><strong>Jahrgang: <\/strong>1957<\/p>\n\n\n\n<p class=\"person-description\"><strong>Beruf:<\/strong> IT-Fachmann \/ Werbekaufmann<\/p>\n\n\n\n<p class=\"person-description\"><strong>Hobbys:<\/strong> Musik machen | Gitarre &amp; Schlagzeug spielen<\/p>\n\n\n\n<p class=\"person-description\">Seit 1999 lebe ich auf Sylt. <\/p>\n\n\n\n<p><strong>Statement:<\/strong> Mein Anliegen sind die Kinder, die Jugendlichen und die Kultur. Wir brauchen im Bereich &#8222;<strong>Musik&#8220;<\/strong> endlich eine ordentliche F\u00f6rderung. Wir brauchen Prober\u00e4ume und entsprechende Angebote. Der Abw\u00e4rtstrend der Abwanderung muss aufgehalten werden.<\/p>\n\n\n\n<p>Zudem setze ich mich aktiv f\u00fcr das Umdenken und Handeln in der Mobilit\u00e4t ein. Wir brauchen eine Reduzierung der PKW auf Sylt. Wir brauchen alternative Mobilit\u00e4ts-angebote [eBike-Sharing, Car-Sharing, eScooter-Sharing und eine \u00d6PNV-Flatrate]!<\/p>\n\n\n\n<p class=\"person-mail no-link\"><strong>Kontakt:<\/strong> <a href=\"#\" data-unscramble=\"ed.tlys-eneurg@eknasoK.greoJ\" target=\"_blank\" rel=\"noreferrer noopener\">Joerg.Kosanke@gruene-sylt.de<\/a><\/p>\n<\/div><\/div>\n<\/div>\n<\/div>\n\n\n\n<div class=\"wp-block-columns is-layout-flex wp-container-core-columns-is-layout-9d6595d7 wp-block-columns-is-layout-flex\">\n<div class=\"wp-block-column mb-md-4 is-layout-flow wp-block-column-is-layout-flow\">\n<div style=\"height:32px\" aria-hidden=\"true\" class=\"wp-block-spacer\"><\/div>\n\n\n\n<div class=\"wp-block-columns is-layout-flex wp-container-core-columns-is-layout-9d6595d7 wp-block-columns-is-layout-flex\">\n<div class=\"wp-block-column is-layout-flow wp-block-column-is-layout-flow\">\n<div class=\"wp-block-media-text alignwide is-stacked-on-mobile person has-shadow\"><figure class=\"wp-block-media-text__media\"><img loading=\"lazy\" decoding=\"async\" width=\"291\" height=\"314\" src=\"https:\/\/www.gruene-nf.de\/sylt\/wp-content\/uploads\/sites\/6\/2023\/03\/Holger-1-Profilbild-7.png\" alt=\"\" class=\"wp-image-2370 size-full\" srcset=\"https:\/\/www.gruene-nf.de\/sylt\/wp-content\/uploads\/sites\/6\/2023\/03\/Holger-1-Profilbild-7.png 291w, https:\/\/www.gruene-nf.de\/sylt\/wp-content\/uploads\/sites\/6\/2023\/03\/Holger-1-Profilbild-7-278x300.png 278w\" sizes=\"auto, (max-width: 291px) 100vw, 291px\" \/><\/figure><div class=\"wp-block-media-text__content\">\n<p class=\"person-name\">Holger Thies<\/p>\n\n\n\n<p class=\"person-description\"><strong>Jahrgang: <\/strong>1962<\/p>\n\n\n\n<p><strong>Beruf:<\/strong> Diplom-Kaufmann und Schiedsmann<\/p>\n\n\n\n<p><strong>Statement:<\/strong> Kommunalpolitik bedeutet f\u00fcr mich, Strukturen, Prozesse und Inhalte zu definieren, die es braucht, um f\u00fcr das Allgemeinwohl in unserer Gemeinde verbindliche und gute Entscheidungen zu treffen. Bei diesen drei Punkten sollte die Gemeindepolitik b\u00fcrgerfreundlicher, schneller, effektiver und nachhaltiger werden.&nbsp;Dazu m\u00f6chte ich beitragen.<\/p>\n\n\n\n<p>Kontakt: <a href=\"#\" data-unscramble=\"ed.tlys-eneurg@seiht.regloh\">holger.thies@gruene-sylt.de<\/a><\/p>\n<\/div><\/div>\n<\/div>\n\n\n\n<div class=\"wp-block-column is-layout-flow wp-block-column-is-layout-flow\">\n<div class=\"wp-block-media-text alignwide is-stacked-on-mobile person has-shadow\"><figure class=\"wp-block-media-text__media\"><img loading=\"lazy\" decoding=\"async\" width=\"372\" height=\"465\" src=\"https:\/\/www.gruene-nf.de\/sylt\/wp-content\/uploads\/sites\/6\/2023\/03\/Bettina-1-Profilbild-4.png\" alt=\"\" class=\"wp-image-2383 size-full\" srcset=\"https:\/\/www.gruene-nf.de\/sylt\/wp-content\/uploads\/sites\/6\/2023\/03\/Bettina-1-Profilbild-4.png 372w, https:\/\/www.gruene-nf.de\/sylt\/wp-content\/uploads\/sites\/6\/2023\/03\/Bettina-1-Profilbild-4-240x300.png 240w\" sizes=\"auto, (max-width: 372px) 100vw, 372px\" \/><\/figure><div class=\"wp-block-media-text__content\">\n<p class=\"person-name\">Bettina S\u00f6nksen-Volquardsen<\/p>\n\n\n\n<p class=\"person-description\"><strong>Jahrgang:<\/strong> 1957<\/p>\n\n\n\n<p><strong>Beruf:<\/strong> Feldenkraislehrerin<\/p>\n\n\n\n<p><strong>Hobbys:<\/strong> Reisen &amp; Lernen<\/p>\n\n\n\n<p><strong>Statement:<\/strong> Hab Lust junge und \u00e4ltere Menschen in unserer Gemeinde zusammen zubringen, um etwas Neues zu gestalten.&nbsp;<\/p>\n\n\n\n<p>Kontakt: <a href=\"#\" data-unscramble=\"ed.tlys-eneurg@nesdrauqlov-neskneos.anitteb\" target=\"_blank\" rel=\"noreferrer noopener\">bettina.soenksen-volquardsen@gruene-sylt.de\t<\/a><\/p>\n<\/div><\/div>\n<\/div>\n<\/div>\n<\/div>\n<\/div>\n\n\n\n<div style=\"height:54px\" aria-hidden=\"true\" class=\"wp-block-spacer\"><\/div>\n\n\n\n<div class=\"wp-block-columns is-layout-flex wp-container-core-columns-is-layout-9d6595d7 wp-block-columns-is-layout-flex\">\n<div class=\"wp-block-column mb-md-4 is-layout-flow wp-block-column-is-layout-flow\">\n<div class=\"wp-block-columns is-layout-flex wp-container-core-columns-is-layout-9d6595d7 wp-block-columns-is-layout-flex\">\n<div class=\"wp-block-column is-layout-flow wp-block-column-is-layout-flow\">\n<div class=\"wp-block-media-text alignwide is-stacked-on-mobile person has-shadow\"><figure class=\"wp-block-media-text__media\"><img loading=\"lazy\" decoding=\"async\" width=\"396\" height=\"486\" src=\"https:\/\/www.gruene-nf.de\/sylt\/wp-content\/uploads\/sites\/6\/2023\/03\/Mathias-1-Profilbild.png\" alt=\"\" class=\"wp-image-2389 size-full\" srcset=\"https:\/\/www.gruene-nf.de\/sylt\/wp-content\/uploads\/sites\/6\/2023\/03\/Mathias-1-Profilbild.png 396w, https:\/\/www.gruene-nf.de\/sylt\/wp-content\/uploads\/sites\/6\/2023\/03\/Mathias-1-Profilbild-244x300.png 244w\" sizes=\"auto, (max-width: 396px) 100vw, 396px\" \/><\/figure><div class=\"wp-block-media-text__content\">\n<p class=\"person-name\">Dr. Mathias Wegner<\/p>\n\n\n\n<p class=\"person-description\"><strong>Jahrgang:<\/strong> 1974<\/p>\n\n\n\n<p><strong>Beruf:<\/strong> Wattforscher<\/p>\n\n\n\n<p><\/p>\n\n\n\n<p class=\"person-description\"><strong>Hobbys:<\/strong> Garten &amp; Golf<\/p>\n\n\n\n<p><strong>Statement:<\/strong> Warum engagiere ich mich, was liegt mir am Herzen:&nbsp;Kein Planet B, keine Insel B &#8211; daher keine Alternative zu Gr\u00fcn.<\/p>\n\n\n\n<p><strong>Kontakt:<\/strong> <a href=\"#\" data-unscramble=\"ed.tlys-eneurg@rengew.saihtam\">mathias.wegner@gruene-sylt.de<\/a><\/p>\n<\/div><\/div>\n<\/div>\n\n\n\n<div class=\"wp-block-column is-layout-flow wp-block-column-is-layout-flow\">\n<div class=\"wp-block-media-text alignwide is-stacked-on-mobile person has-shadow\"><figure class=\"wp-block-media-text__media\"><img loading=\"lazy\" decoding=\"async\" width=\"361\" height=\"465\" src=\"https:\/\/www.gruene-nf.de\/sylt\/wp-content\/uploads\/sites\/6\/2023\/03\/Eckehard-1-Pofilbild.png\" alt=\"\" class=\"wp-image-2391 size-full\" srcset=\"https:\/\/www.gruene-nf.de\/sylt\/wp-content\/uploads\/sites\/6\/2023\/03\/Eckehard-1-Pofilbild.png 361w, https:\/\/www.gruene-nf.de\/sylt\/wp-content\/uploads\/sites\/6\/2023\/03\/Eckehard-1-Pofilbild-233x300.png 233w\" sizes=\"auto, (max-width: 361px) 100vw, 361px\" \/><\/figure><div class=\"wp-block-media-text__content\">\n<p class=\"person-name\">Eckehard Volquardsen<\/p>\n\n\n\n<p class=\"person-description\"><strong>Jahrgang:<\/strong> 1952<\/p>\n\n\n\n<p><strong>Beruf:<\/strong> Landwirt<\/p>\n\n\n\n<p><strong>Hobbys:<\/strong> Reiten &amp; Reisen<\/p>\n\n\n\n<p><strong>Motivation:&nbsp;<\/strong><\/p>\n\n\n\n<p>Umweltrelevante Vorhaben umsetzen.<\/p>\n\n\n\n<p><strong>Kontakt:<\/strong><\/p>\n\n\n\n<p class=\"person-description\"><a href=\"#\" data-unscramble=\"ed.tlys-eneurg@nesdrauqlov.drahekce\">eckehard.volquardsen@gruene-sylt.de<\/a><\/p>\n\n\n\n<p class=\"person-mail no-link\"><\/p>\n<\/div><\/div>\n<\/div>\n<\/div>\n\n\n\n<div class=\"wp-block-columns is-layout-flex wp-container-core-columns-is-layout-9d6595d7 wp-block-columns-is-layout-flex\">\n<div class=\"wp-block-column mb-md-4 is-layout-flow wp-block-column-is-layout-flow\">\n<div style=\"height:54px\" aria-hidden=\"true\" class=\"wp-block-spacer\"><\/div>\n\n\n\n<div class=\"wp-block-columns is-layout-flex wp-container-core-columns-is-layout-9d6595d7 wp-block-columns-is-layout-flex\">\n<div class=\"wp-block-column is-layout-flow wp-block-column-is-layout-flow\">\n<div class=\"wp-block-media-text alignwide is-stacked-on-mobile person has-shadow\"><figure class=\"wp-block-media-text__media\"><img loading=\"lazy\" decoding=\"async\" width=\"400\" height=\"468\" src=\"https:\/\/www.gruene-nf.de\/sylt\/wp-content\/uploads\/sites\/6\/2023\/03\/Constanze-Edit-1.png\" alt=\"\" class=\"wp-image-2402 size-full\" srcset=\"https:\/\/www.gruene-nf.de\/sylt\/wp-content\/uploads\/sites\/6\/2023\/03\/Constanze-Edit-1.png 400w, https:\/\/www.gruene-nf.de\/sylt\/wp-content\/uploads\/sites\/6\/2023\/03\/Constanze-Edit-1-256x300.png 256w\" sizes=\"auto, (max-width: 400px) 100vw, 400px\" \/><\/figure><div class=\"wp-block-media-text__content\">\n<p class=\"person-name\">Constanze Ott-Karstens<\/p>\n\n\n\n<p class=\"person-description\"><strong>Jahrgang:<\/strong> 1973 | Berlin<\/p>\n\n\n\n<p><strong>Beruf: <\/strong>Psychologin, freie Autorin und Vermieterin.<\/p>\n\n\n\n<p><strong>Hobbys:<\/strong> Philosophie, Geschichte, Yoga und lange Spazierg\u00e4nge mit meinen Hunden.<\/p>\n\n\n\n<p><strong>Statement:<\/strong> Ich schlie\u00dfe mich freudig hier an, denn auch ich m\u00f6chte mehr &#8218;gr\u00fcn&#8216; und &#8218;gr\u00fcne&#8216; Werte f\u00fcr unser Dorf und unsere gesamte Insel.<br>Meine Herzensanliegen, f\u00fcr die ich mich seit jeher besonders einsetze, sind der Schutz von Tieren und Natur und die Bewahrung der Artenvielfalt. Ich w\u00fcnsche mir eine Haltung des Respekts gegen\u00fcber unserer Mitwelt in allen Bereichen.<\/p>\n\n\n\n<p>Einer meiner liebsten Leits\u00e4tze:<br>\u201eIch bin Leben, das Leben will, inmitten von Leben, das Leben will.\u201c [Albert Schweitzer]<\/p>\n\n\n\n<p><strong>Kontakt: <\/strong><a href=\"#\" data-unscramble=\"ed.tlys-eneurg@snetsrak-tto.eznatsnoc\">constanze.ott-karstens@gruene-sylt.de<\/a><\/p>\n<\/div><\/div>\n<\/div>\n\n\n\n<div class=\"wp-block-column is-layout-flow wp-block-column-is-layout-flow\">\n<div class=\"wp-block-media-text alignwide is-stacked-on-mobile person has-shadow\"><figure class=\"wp-block-media-text__media\"><img loading=\"lazy\" decoding=\"async\" width=\"819\" height=\"1024\" src=\"https:\/\/www.gruene-nf.de\/sylt\/wp-content\/uploads\/sites\/6\/2025\/08\/dagmar4z5-819x1024.jpg\" alt=\"\" class=\"wp-image-3447 size-full\" srcset=\"https:\/\/www.gruene-nf.de\/sylt\/wp-content\/uploads\/sites\/6\/2025\/08\/dagmar4z5-819x1024.jpg 819w, https:\/\/www.gruene-nf.de\/sylt\/wp-content\/uploads\/sites\/6\/2025\/08\/dagmar4z5-240x300.jpg 240w, https:\/\/www.gruene-nf.de\/sylt\/wp-content\/uploads\/sites\/6\/2025\/08\/dagmar4z5-768x960.jpg 768w, https:\/\/www.gruene-nf.de\/sylt\/wp-content\/uploads\/sites\/6\/2025\/08\/dagmar4z5-1229x1536.jpg 1229w, https:\/\/www.gruene-nf.de\/sylt\/wp-content\/uploads\/sites\/6\/2025\/08\/dagmar4z5.jpg 1408w\" sizes=\"auto, (max-width: 819px) 100vw, 819px\" \/><\/figure><div class=\"wp-block-media-text__content\">\n<p class=\"person-name\">Dagmar Andreas<\/p>\n\n\n\n<p class=\"person-description\"><strong>Jahrgang<\/strong>: 1959<\/p>\n\n\n\n<p><strong>Beruf:<\/strong> pensionierte Lehrerin&nbsp;<\/p>\n\n\n\n<p><strong>Hobbys<\/strong>: Fahrradtouren, Lesen und Querfl\u00f6te spielen<\/p>\n\n\n\n<p><strong>Statement:<\/strong> F\u00fcr Einheimische und G\u00e4ste w\u00fcnsche ich mir mehr Fahrrad- und Fu\u00dfwege sowie eine Weiterentwicklung des \u00d6PNV, damit weniger Autoverkehr n\u00f6tig ist. Auch die Artenvielfalt liegt mir am Herzen.&nbsp;<\/p>\n\n\n\n<p class=\"person-description\"><strong>Kontakt<\/strong>: <a href=\"#\" data-unscramble=\"ed.tlys-eneurg@saerdna.ramgad\">dagmar.andreas@gruene-sylt.de<\/a><\/p>\n<\/div><\/div>\n<\/div>\n<\/div>\n<\/div>\n<\/div>\n<\/div>\n<\/div>\n<\/div>\n<\/div>\n\n\n\n<figure class=\"wp-block-image alignright size-full is-resized\"><a href=\"https:\/\/www.facebook.com\/gruenewenningstedtbraderup\" target=\"_blank\" rel=\"noreferrer noopener\"><img loading=\"lazy\" decoding=\"async\" width=\"600\" height=\"600\" src=\"https:\/\/www.gruene-nf.de\/sylt\/wp-content\/uploads\/2023\/03\/FB-1.png\" alt=\"\" class=\"wp-image-2327\" style=\"width:68px;height:68px\" srcset=\"https:\/\/www.gruene-nf.de\/sylt\/wp-content\/uploads\/sites\/6\/2023\/03\/FB-1.png 600w, https:\/\/www.gruene-nf.de\/sylt\/wp-content\/uploads\/sites\/6\/2023\/03\/FB-1-300x300.png 300w, https:\/\/www.gruene-nf.de\/sylt\/wp-content\/uploads\/sites\/6\/2023\/03\/FB-1-150x150.png 150w\" sizes=\"auto, (max-width: 600px) 100vw, 600px\" \/><\/a><figcaption class=\"wp-element-caption\">Facebook<\/figcaption><\/figure>\n\n\n\n<figure class=\"wp-block-image alignright size-full is-resized\"><a href=\"http:\/\/www.instagram.com\/gruene.wenningstedt.braderup\" target=\"_blank\" rel=\"noreferrer noopener\"><img loading=\"lazy\" decoding=\"async\" width=\"600\" height=\"600\" src=\"https:\/\/www.gruene-nf.de\/sylt\/wp-content\/uploads\/2023\/03\/Insta-2.png\" alt=\"\" class=\"wp-image-2329\" style=\"width:67px;height:67px\" srcset=\"https:\/\/www.gruene-nf.de\/sylt\/wp-content\/uploads\/sites\/6\/2023\/03\/Insta-2.png 600w, https:\/\/www.gruene-nf.de\/sylt\/wp-content\/uploads\/sites\/6\/2023\/03\/Insta-2-300x300.png 300w, https:\/\/www.gruene-nf.de\/sylt\/wp-content\/uploads\/sites\/6\/2023\/03\/Insta-2-150x150.png 150w\" sizes=\"auto, (max-width: 600px) 100vw, 600px\" \/><\/a><figcaption class=\"wp-element-caption\">Instagram<\/figcaption><\/figure>\n\n\n\n<p><\/p>\n","protected":false},"excerpt":{"rendered":"<p>Katrin Thies Jahrgang: 1965 Beruf: Druckingenieurin &amp; Gastgeberin. Hobby: Yogalehrerin Statement:F\u00fcr Wenningstedt-Braderup w\u00fcnsche ich mir mehr Miteinander, mehr Austausch als Basis f\u00fcr einen gemeinsam gestalteten Lebensraum. Einen Ort, der sprie\u00dft [&hellip;]<\/p>\n","protected":false},"author":15,"featured_media":0,"parent":0,"menu_order":0,"comment_status":"closed","ping_status":"closed","template":"","meta":{"footnotes":""},"tags":[],"class_list":["post-2334","page","type-page","status-publish","hentry"],"_links":{"self":[{"href":"https:\/\/www.gruene-nf.de\/sylt\/wp-json\/wp\/v2\/pages\/2334","targetHints":{"allow":["GET"]}}],"collection":[{"href":"https:\/\/www.gruene-nf.de\/sylt\/wp-json\/wp\/v2\/pages"}],"about":[{"href":"https:\/\/www.gruene-nf.de\/sylt\/wp-json\/wp\/v2\/types\/page"}],"author":[{"embeddable":true,"href":"https:\/\/www.gruene-nf.de\/sylt\/wp-json\/wp\/v2\/users\/15"}],"replies":[{"embeddable":true,"href":"https:\/\/www.gruene-nf.de\/sylt\/wp-json\/wp\/v2\/comments?post=2334"}],"version-history":[{"count":17,"href":"https:\/\/www.gruene-nf.de\/sylt\/wp-json\/wp\/v2\/pages\/2334\/revisions"}],"predecessor-version":[{"id":3448,"href":"https:\/\/www.gruene-nf.de\/sylt\/wp-json\/wp\/v2\/pages\/2334\/revisions\/3448"}],"wp:attachment":[{"href":"https:\/\/www.gruene-nf.de\/sylt\/wp-json\/wp\/v2\/media?parent=2334"}],"wp:term":[{"taxonomy":"post_tag","embeddable":true,"href":"https:\/\/www.gruene-nf.de\/sylt\/wp-json\/wp\/v2\/tags?post=2334"}],"curies":[{"name":"wp","href":"https:\/\/api.w.org\/{rel}","templated":true}]}}