{"id":2013,"date":"2023-01-12T15:44:31","date_gmt":"2023-01-12T14:44:31","guid":{"rendered":"https:\/\/gruene-sylt.de\/?page_id=2013"},"modified":"2025-07-14T11:32:12","modified_gmt":"2025-07-14T09:32:12","slug":"wenningstedt-braderup","status":"publish","type":"page","link":"https:\/\/www.gruene-nf.de\/sylt\/wenningstedt-braderup\/","title":{"rendered":"Wenningstedt-Braderup"},"content":{"rendered":"\n<p><strong>Sonnenblumen f\u00fcr Wenningstedt-Braderup.<\/strong><\/p>\n\n\n\n<figure class=\"wp-block-image alignleft size-full is-resized\"><img loading=\"lazy\" decoding=\"async\" width=\"463\" height=\"596\" src=\"https:\/\/www.gruene-nf.de\/sylt\/wp-content\/uploads\/2023\/03\/Gruene-W-Stedt.png\" alt=\"\" class=\"wp-image-2068\" style=\"width:352px;height:453px\" srcset=\"https:\/\/www.gruene-nf.de\/sylt\/wp-content\/uploads\/sites\/6\/2023\/03\/Gruene-W-Stedt.png 463w, https:\/\/www.gruene-nf.de\/sylt\/wp-content\/uploads\/sites\/6\/2023\/03\/Gruene-W-Stedt-233x300.png 233w\" sizes=\"auto, (max-width: 463px) 100vw, 463px\" \/><figcaption class=\"wp-element-caption\">Gr\u00fcne Liste | Wenningstedt-Braderup<\/figcaption><\/figure>\n\n\n\n<p>Wir freuen uns, dass nun auch Wenningstedt-Braderup eine Gr\u00fcne Ortsgruppe hat und stellen uns mit viel Mut, Kraft und hoffentlich bald wahr werdenden \u201eBl\u00fctentr\u00e4umen\u201c f\u00fcr die Kommunalwahl.<\/p>\n\n\n\n<p>Zusammen gefunden haben wir uns aus unterschiedlichsten Hintergr\u00fcnden und B\u00fcndnissen, mit und ohne politische Erfahrung, mit Leidenschaft f\u00fcr einen neuen Anfang.<\/p>\n\n\n\n<p>Das \u00fcbliche politische Einerlei soll erg\u00e4nzt werden durch eine frische Politik, die sich daran orientiert, das Miteinander zu verbessern. F\u00fcr Jung und Alt, f\u00fcr Kinder und Enkelkinder.<\/p>\n\n\n\n<p>Mit Respekt f\u00fcr Mensch, Natur und Tierwelt, sowie im Einklang von \u00d6kologie und \u00d6konomie zusammen mit sozialer Umwelt. Nachhaltige Badegastkultur, umsetzbare Konzepte f\u00fcr regenerative Energien und eine Verkehrswende mit verbesserten Verkehrsangeboten beim \u00d6PNV, Car-Sharing und Mietr\u00e4dern und respektvoller Denkmalschutz stehen im Fokus. F\u00fcr mehr gemeinsam und weniger einsam. F\u00fcr Lebensqualit\u00e4t statt Baul\u00f6cher, bl\u00fchende Wiesen statt eint\u00f6nige Hecken und f\u00fcr B\u00fcrgerbeteiligung statt B\u00fcrokratie.<\/p>\n\n\n\n<p>Eben den Menschen wieder in den Mittelpunkt stellen, das ist das Motto der neuen Gr\u00fcnen Politik in der Gemeinde Wenningstedt-Braderup. Sie folgt der Vision: Gemeinsinn und Gemeinwohl im Dorf zu intensivieren.<\/p>\n\n\n\n<p>9 B\u00fcrger aus Wenningstedt und Braderup haben sich zusammen gefunden, um f\u00fcr die Kommunalwahl am 14. Mai 2023 eine Alternative anzubieten, die nicht nur redet, sondern macht.<\/p>\n\n\n\n<p>Machen Sie gerne mit, bringen Sie gerne Ihre Ideen ein, damit wir auch Ihre Themen aufgreifen. Unterst\u00fctzen Sie die Gr\u00fcnen, um mehr Farbe in die Politik in Sylts Goldene Mitte zu bringen. <\/p>\n\n\n\n<p class=\"has-text-align-center\">E-Mail: <a rel=\"noreferrer noopener\" href=\"Wenningstedt-Braderup@gruene-sylt.de\" target=\"_blank\">Wenningstedt-Braderup<\/a><a rel=\"noreferrer noopener\" href=\"Wenningstedt-Braderup@gruene-sylt.de\" target=\"_blank\">@<\/a><a rel=\"noreferrer noopener\" href=\"Wenningstedt-Braderup@gruene-sylt.de\" target=\"_blank\">gruene-sylt.de<\/a><\/p>\n\n\n\n<figure class=\"wp-block-image alignright size-full is-resized\"><img loading=\"lazy\" decoding=\"async\" width=\"565\" height=\"565\" src=\"https:\/\/www.gruene-nf.de\/sylt\/wp-content\/uploads\/2023\/03\/QR-Code-1.png\" alt=\"\" class=\"wp-image-2079\" style=\"width:104px;height:104px\" srcset=\"https:\/\/www.gruene-nf.de\/sylt\/wp-content\/uploads\/sites\/6\/2023\/03\/QR-Code-1.png 565w, https:\/\/www.gruene-nf.de\/sylt\/wp-content\/uploads\/sites\/6\/2023\/03\/QR-Code-1-300x300.png 300w, https:\/\/www.gruene-nf.de\/sylt\/wp-content\/uploads\/sites\/6\/2023\/03\/QR-Code-1-150x150.png 150w\" sizes=\"auto, (max-width: 565px) 100vw, 565px\" \/><figcaption class=\"wp-element-caption\">Scannen | Und &#8218;Gr\u00fcn\u2018 erleben!<\/figcaption><\/figure>\n\n\n\n<p><\/p>\n\n\n\n<figure class=\"wp-block-image alignleft size-full is-resized\"><a href=\"https:\/\/www.facebook.com\/gruenewenningstedtbraderup\" target=\"_blank\" rel=\"noreferrer noopener\"><img loading=\"lazy\" decoding=\"async\" width=\"600\" height=\"600\" src=\"https:\/\/www.gruene-nf.de\/sylt\/wp-content\/uploads\/2023\/03\/FB.png\" alt=\"\" class=\"wp-image-2226\" style=\"width:62px;height:62px\" srcset=\"https:\/\/www.gruene-nf.de\/sylt\/wp-content\/uploads\/sites\/6\/2023\/03\/FB.png 600w, https:\/\/www.gruene-nf.de\/sylt\/wp-content\/uploads\/sites\/6\/2023\/03\/FB-300x300.png 300w, https:\/\/www.gruene-nf.de\/sylt\/wp-content\/uploads\/sites\/6\/2023\/03\/FB-150x150.png 150w\" sizes=\"auto, (max-width: 600px) 100vw, 600px\" \/><\/a><figcaption class=\"wp-element-caption\">Facebook<\/figcaption><\/figure>\n\n\n\n<figure class=\"wp-block-image alignleft size-full is-resized\"><a href=\"https:\/\/www.instagram.com\/gruene.wenningstedt.braderup\" target=\"_blank\" rel=\"noreferrer noopener\"><img loading=\"lazy\" decoding=\"async\" width=\"600\" height=\"600\" src=\"https:\/\/www.gruene-nf.de\/sylt\/wp-content\/uploads\/2023\/03\/Insta-1.png\" alt=\"\" class=\"wp-image-2231\" style=\"width:66px;height:66px\" srcset=\"https:\/\/www.gruene-nf.de\/sylt\/wp-content\/uploads\/sites\/6\/2023\/03\/Insta-1.png 600w, https:\/\/www.gruene-nf.de\/sylt\/wp-content\/uploads\/sites\/6\/2023\/03\/Insta-1-300x300.png 300w, https:\/\/www.gruene-nf.de\/sylt\/wp-content\/uploads\/sites\/6\/2023\/03\/Insta-1-150x150.png 150w\" sizes=\"auto, (max-width: 600px) 100vw, 600px\" \/><\/a><figcaption class=\"wp-element-caption\">Instagram<\/figcaption><\/figure>\n\n\n\n<h2 class=\"wp-block-heading has-text-align-center\">Das &#8218;Bl\u00fchwiesenfest&#8216; am 29. April 2023 | 15:00 &#8211; 18:00 Uhr der Gr\u00fcnen Ortsgruppe Wenningstedt-Braderup<\/h2>\n\n\n\n<figure class=\"wp-block-gallery has-nested-images columns-default is-cropped wp-block-gallery-1 is-layout-flex wp-block-gallery-is-layout-flex\">\n<figure class=\"wp-block-image size-large\"><img loading=\"lazy\" decoding=\"async\" width=\"1024\" height=\"768\" data-id=\"2628\" src=\"https:\/\/www.gruene-nf.de\/sylt\/wp-content\/uploads\/sites\/6\/2023\/04\/BWF_0127-scaled-1-1024x768.jpg\" alt=\"\" class=\"wp-image-2628\" srcset=\"https:\/\/www.gruene-nf.de\/sylt\/wp-content\/uploads\/sites\/6\/2023\/04\/BWF_0127-scaled-1-1024x768.jpg 1024w, https:\/\/www.gruene-nf.de\/sylt\/wp-content\/uploads\/sites\/6\/2023\/04\/BWF_0127-scaled-1-300x225.jpg 300w, https:\/\/www.gruene-nf.de\/sylt\/wp-content\/uploads\/sites\/6\/2023\/04\/BWF_0127-scaled-1-768x576.jpg 768w, https:\/\/www.gruene-nf.de\/sylt\/wp-content\/uploads\/sites\/6\/2023\/04\/BWF_0127-scaled-1-1536x1152.jpg 1536w, https:\/\/www.gruene-nf.de\/sylt\/wp-content\/uploads\/sites\/6\/2023\/04\/BWF_0127-scaled-1-2048x1536.jpg 2048w\" sizes=\"auto, (max-width: 1024px) 100vw, 1024px\" \/><figcaption class=\"wp-element-caption\">Gemeinsam wird gearbeitet<\/figcaption><\/figure>\n\n\n\n<figure class=\"wp-block-image size-large\"><img loading=\"lazy\" decoding=\"async\" width=\"1024\" height=\"768\" data-id=\"2621\" src=\"https:\/\/www.gruene-nf.de\/sylt\/wp-content\/uploads\/sites\/6\/2023\/04\/BWF_0122-scaled-1-1024x768.jpg\" alt=\"\" class=\"wp-image-2621\" srcset=\"https:\/\/www.gruene-nf.de\/sylt\/wp-content\/uploads\/sites\/6\/2023\/04\/BWF_0122-scaled-1-1024x768.jpg 1024w, https:\/\/www.gruene-nf.de\/sylt\/wp-content\/uploads\/sites\/6\/2023\/04\/BWF_0122-scaled-1-300x225.jpg 300w, https:\/\/www.gruene-nf.de\/sylt\/wp-content\/uploads\/sites\/6\/2023\/04\/BWF_0122-scaled-1-768x576.jpg 768w, https:\/\/www.gruene-nf.de\/sylt\/wp-content\/uploads\/sites\/6\/2023\/04\/BWF_0122-scaled-1-1536x1152.jpg 1536w, https:\/\/www.gruene-nf.de\/sylt\/wp-content\/uploads\/sites\/6\/2023\/04\/BWF_0122-scaled-1-2048x1536.jpg 2048w\" sizes=\"auto, (max-width: 1024px) 100vw, 1024px\" \/><figcaption class=\"wp-element-caption\">Ohne Flei\u00df, kein Preis!<\/figcaption><\/figure>\n\n\n\n<figure class=\"wp-block-image size-large\"><img decoding=\"async\" src=\"https:\/\/www.gruene-nf.de\/sylt\/wp-content\/uploads\/sites\/6\/2023\/04\/BLW_Roh_0120-scaled-1.jpg\" alt=\"\"\/><figcaption class=\"wp-element-caption\">Die Vorbereitung<\/figcaption><\/figure>\n\n\n\n<figure data-wp-context=\"{&quot;imageId&quot;:&quot;69fb25c81584d&quot;}\" data-wp-interactive=\"core\/image\" data-wp-key=\"69fb25c81584d\" class=\"wp-block-image size-large wp-lightbox-container\"><img decoding=\"async\" data-wp-class--hide=\"state.isContentHidden\" data-wp-class--show=\"state.isContentVisible\" data-wp-init=\"callbacks.setButtonStyles\" data-wp-on--click=\"actions.showLightbox\" data-wp-on--load=\"callbacks.setButtonStyles\" data-wp-on-window--resize=\"callbacks.setButtonStyles\" src=\"https:\/\/www.gruene-nf.de\/sylt\/wp-content\/uploads\/sites\/6\/2023\/04\/BLW_Roh.jpg\" alt=\"\"\/><button\n\t\t\tclass=\"lightbox-trigger\"\n\t\t\ttype=\"button\"\n\t\t\taria-haspopup=\"dialog\"\n\t\t\taria-label=\"Vergr\u00f6\u00dfern\"\n\t\t\tdata-wp-init=\"callbacks.initTriggerButton\"\n\t\t\tdata-wp-on--click=\"actions.showLightbox\"\n\t\t\tdata-wp-style--right=\"state.imageButtonRight\"\n\t\t\tdata-wp-style--top=\"state.imageButtonTop\"\n\t\t>\n\t\t\t<svg xmlns=\"http:\/\/www.w3.org\/2000\/svg\" width=\"12\" height=\"12\" fill=\"none\" viewBox=\"0 0 12 12\">\n\t\t\t\t<path fill=\"#fff\" d=\"M2 0a2 2 0 0 0-2 2v2h1.5V2a.5.5 0 0 1 .5-.5h2V0H2Zm2 10.5H2a.5.5 0 0 1-.5-.5V8H0v2a2 2 0 0 0 2 2h2v-1.5ZM8 12v-1.5h2a.5.5 0 0 0 .5-.5V8H12v2a2 2 0 0 1-2 2H8Zm2-12a2 2 0 0 1 2 2v2h-1.5V2a.5.5 0 0 0-.5-.5H8V0h2Z\" \/>\n\t\t\t<\/svg>\n\t\t<\/button><figcaption class=\"wp-element-caption\">Phase 1<\/figcaption><\/figure>\n\n\n\n<figure class=\"wp-block-image size-large\"><img decoding=\"async\" src=\"https:\/\/www.gruene-nf.de\/sylt\/wp-content\/uploads\/sites\/6\/2023\/04\/BWF_0116-scaled-1.jpg\" alt=\"\"\/><figcaption class=\"wp-element-caption\">Kl\u00f6nschnack im Stehen<\/figcaption><\/figure>\n\n\n\n<figure class=\"wp-block-image size-large\"><img decoding=\"async\" src=\"https:\/\/www.gruene-nf.de\/sylt\/wp-content\/uploads\/sites\/6\/2023\/04\/BWF_0117-scaled-1.jpg\" alt=\"\"\/><figcaption class=\"wp-element-caption\">Die Zukunft der Mobilit\u00e4t<\/figcaption><\/figure>\n\n\n\n<figure class=\"wp-block-image size-large\"><img decoding=\"async\" src=\"https:\/\/www.gruene-nf.de\/sylt\/wp-content\/uploads\/sites\/6\/2023\/04\/BWF_0118-scaled-1.jpg\" alt=\"\"\/><figcaption class=\"wp-element-caption\">Und Kleinen mit den Gro\u00dfen<\/figcaption><\/figure>\n\n\n\n<figure class=\"wp-block-image size-large\"><img decoding=\"async\" src=\"https:\/\/www.gruene-nf.de\/sylt\/wp-content\/uploads\/sites\/6\/2023\/04\/BWF_0119-scaled-1.jpg\" alt=\"\"\/><figcaption class=\"wp-element-caption\">Kaffee &amp; Kuchen geh\u00f6rt dazu<\/figcaption><\/figure>\n\n\n\n<figure class=\"wp-block-image size-large\"><img decoding=\"async\" src=\"https:\/\/www.gruene-nf.de\/sylt\/wp-content\/uploads\/sites\/6\/2023\/04\/BWF_0122-scaled-1.jpg\" alt=\"\"\/><figcaption class=\"wp-element-caption\">Es wird weiter gebddelt<\/figcaption><\/figure>\n\n\n\n<figure class=\"wp-block-image size-large\"><img decoding=\"async\" src=\"https:\/\/www.gruene-nf.de\/sylt\/wp-content\/uploads\/sites\/6\/2023\/04\/BWF_0123-scaled-1.jpg\" alt=\"\"\/><figcaption class=\"wp-element-caption\">Das Banner im Wind<\/figcaption><\/figure>\n\n\n\n<figure class=\"wp-block-image size-large\"><img decoding=\"async\" src=\"https:\/\/www.gruene-nf.de\/sylt\/wp-content\/uploads\/sites\/6\/2023\/04\/BWF_0124-scaled-1.jpg\" alt=\"\"\/><figcaption class=\"wp-element-caption\">Mit dem Radl<\/figcaption><\/figure>\n\n\n\n<figure class=\"wp-block-image size-large\"><img decoding=\"async\" src=\"https:\/\/www.gruene-nf.de\/sylt\/wp-content\/uploads\/sites\/6\/2023\/04\/BWF_0125-scaled-1.jpg\" alt=\"\"\/><figcaption class=\"wp-element-caption\">Seilspringen<\/figcaption><\/figure>\n\n\n\n<figure class=\"wp-block-image size-large\"><img decoding=\"async\" src=\"https:\/\/www.gruene-nf.de\/sylt\/wp-content\/uploads\/sites\/6\/2023\/04\/BWF_0126-scaled-1.jpg\" alt=\"\"\/><figcaption class=\"wp-element-caption\">Karotten<\/figcaption><\/figure>\n\n\n\n<figure class=\"wp-block-image size-large\"><img decoding=\"async\" src=\"https:\/\/www.gruene-nf.de\/sylt\/wp-content\/uploads\/sites\/6\/2023\/04\/BWF_0127-scaled-1.jpg\" alt=\"\"\/><figcaption class=\"wp-element-caption\">Alles sch\u00f6n verteilen<\/figcaption><\/figure>\n\n\n\n<figure class=\"wp-block-image size-large\"><img decoding=\"async\" src=\"https:\/\/www.gruene-nf.de\/sylt\/wp-content\/uploads\/sites\/6\/2023\/04\/BWF_0128-scaled-1.jpg\" alt=\"\"\/><figcaption class=\"wp-element-caption\">Verteilen und gl\u00e4tten<\/figcaption><\/figure>\n\n\n\n<figure class=\"wp-block-image size-large\"><img decoding=\"async\" src=\"https:\/\/www.gruene-nf.de\/sylt\/wp-content\/uploads\/sites\/6\/2023\/04\/BWF_0129-scaled-1.jpg\" alt=\"\"\/><figcaption class=\"wp-element-caption\">Unser Greenie Girl<\/figcaption><\/figure>\n\n\n\n<figure class=\"wp-block-image size-large\"><img decoding=\"async\" src=\"https:\/\/www.gruene-nf.de\/sylt\/wp-content\/uploads\/sites\/6\/2023\/04\/BWF_0130-scaled-1.jpg\" alt=\"\"\/><figcaption class=\"wp-element-caption\">Und noch einmal!<\/figcaption><\/figure>\n\n\n\n<figure class=\"wp-block-image size-large\"><img decoding=\"async\" src=\"https:\/\/www.gruene-nf.de\/sylt\/wp-content\/uploads\/sites\/6\/2023\/04\/BWF_0132-scaled-1.jpg\" alt=\"\"\/><figcaption class=\"wp-element-caption\">Die Kids haben Steine bemalt<\/figcaption><\/figure>\n\n\n\n<figure class=\"wp-block-image size-large\"><img decoding=\"async\" src=\"https:\/\/www.gruene-nf.de\/sylt\/wp-content\/uploads\/sites\/6\/2023\/04\/BWF_0133-scaled-1.jpg\" alt=\"\"\/><figcaption class=\"wp-element-caption\">Sch\u00f6ne Kunstwerke<\/figcaption><\/figure>\n\n\n\n<figure class=\"wp-block-image size-large\"><img decoding=\"async\" src=\"https:\/\/www.gruene-nf.de\/sylt\/wp-content\/uploads\/sites\/6\/2023\/04\/BWF_0134-scaled-1.jpg\" alt=\"\"\/><figcaption class=\"wp-element-caption\">Ganz wichtig, die Bew\u00e4sserung<\/figcaption><\/figure>\n\n\n\n<figure class=\"wp-block-image size-large\"><img decoding=\"async\" src=\"https:\/\/www.gruene-nf.de\/sylt\/wp-content\/uploads\/sites\/6\/2023\/04\/BWF_0135-scaled-1.jpg\" alt=\"\"\/><figcaption class=\"wp-element-caption\">Eine kleine Karotte<\/figcaption><\/figure>\n\n\n\n<figure class=\"wp-block-image size-large\"><img decoding=\"async\" data-id=\"2633\" src=\"https:\/\/www.gruene-nf.de\/sylt\/wp-content\/uploads\/2023\/04\/BWF_0136-1024x768.jpg\" alt=\"\" class=\"wp-image-2633\"\/><figcaption class=\"wp-element-caption\">Eine R\u00fcbe im Boden vertreibt Kummer und Sorgen!<\/figcaption><\/figure>\n<\/figure>\n\n\n\n<figure class=\"wp-block-video aligncenter\"><video height=\"720\" style=\"aspect-ratio: 1280 \/ 720;\" width=\"1280\" controls src=\"https:\/\/www.gruene-nf.de\/sylt\/wp-content\/uploads\/sites\/6\/2023\/04\/MVI_0121.mov\"><\/video><\/figure>\n\n\n\n<figure class=\"wp-block-image alignleft size-full is-resized is-style-default\"><a href=\"https:\/\/www.instagram.com\/gruene.wenningstedt.braderup\" target=\"_blank\" rel=\"noreferrer noopener\"><img loading=\"lazy\" decoding=\"async\" width=\"600\" height=\"600\" src=\"https:\/\/www.gruene-nf.de\/sylt\/wp-content\/uploads\/2023\/03\/Insta-2.png\" alt=\"\" class=\"wp-image-2329\" style=\"width:60px;height:60px\" srcset=\"https:\/\/www.gruene-nf.de\/sylt\/wp-content\/uploads\/sites\/6\/2023\/03\/Insta-2.png 600w, https:\/\/www.gruene-nf.de\/sylt\/wp-content\/uploads\/sites\/6\/2023\/03\/Insta-2-300x300.png 300w, https:\/\/www.gruene-nf.de\/sylt\/wp-content\/uploads\/sites\/6\/2023\/03\/Insta-2-150x150.png 150w\" sizes=\"auto, (max-width: 600px) 100vw, 600px\" \/><\/a><figcaption class=\"wp-element-caption\">Instagram<\/figcaption><\/figure>\n\n\n\n<figure class=\"wp-block-image alignleft size-full is-resized\"><a href=\"https:\/\/www.facebook.com\/gruenewenningstedtbraderup\" target=\"_blank\" rel=\"noreferrer noopener\"><img loading=\"lazy\" decoding=\"async\" width=\"600\" height=\"600\" src=\"https:\/\/www.gruene-nf.de\/sylt\/wp-content\/uploads\/2023\/03\/FB-2.png\" alt=\"\" class=\"wp-image-2330\" style=\"width:59px;height:59px\" srcset=\"https:\/\/www.gruene-nf.de\/sylt\/wp-content\/uploads\/sites\/6\/2023\/03\/FB-2.png 600w, https:\/\/www.gruene-nf.de\/sylt\/wp-content\/uploads\/sites\/6\/2023\/03\/FB-2-300x300.png 300w, https:\/\/www.gruene-nf.de\/sylt\/wp-content\/uploads\/sites\/6\/2023\/03\/FB-2-150x150.png 150w\" sizes=\"auto, (max-width: 600px) 100vw, 600px\" \/><\/a><figcaption class=\"wp-element-caption\">Facebook<\/figcaption><\/figure>\n\n\n\n<figure class=\"wp-block-video\"><\/figure>\n\n\n\n<figure class=\"wp-block-video aligncenter\"><video controls src=\"https:\/\/www.gruene-nf.de\/sylt\/wp-content\/uploads\/sites\/6\/2023\/04\/MVI_0131.mov\"><\/video><\/figure>\n","protected":false},"excerpt":{"rendered":"<p>Sonnenblumen f\u00fcr Wenningstedt-Braderup. Wir freuen uns, dass nun auch Wenningstedt-Braderup eine Gr\u00fcne Ortsgruppe hat und stellen uns mit viel Mut, Kraft und hoffentlich bald wahr werdenden \u201eBl\u00fctentr\u00e4umen\u201c f\u00fcr die Kommunalwahl. [&hellip;]<\/p>\n","protected":false},"author":1,"featured_media":0,"parent":0,"menu_order":0,"comment_status":"closed","ping_status":"closed","template":"","meta":{"footnotes":""},"tags":[],"class_list":["post-2013","page","type-page","status-publish","hentry"],"_links":{"self":[{"href":"https:\/\/www.gruene-nf.de\/sylt\/wp-json\/wp\/v2\/pages\/2013","targetHints":{"allow":["GET"]}}],"collection":[{"href":"https:\/\/www.gruene-nf.de\/sylt\/wp-json\/wp\/v2\/pages"}],"about":[{"href":"https:\/\/www.gruene-nf.de\/sylt\/wp-json\/wp\/v2\/types\/page"}],"author":[{"embeddable":true,"href":"https:\/\/www.gruene-nf.de\/sylt\/wp-json\/wp\/v2\/users\/1"}],"replies":[{"embeddable":true,"href":"https:\/\/www.gruene-nf.de\/sylt\/wp-json\/wp\/v2\/comments?post=2013"}],"version-history":[{"count":1,"href":"https:\/\/www.gruene-nf.de\/sylt\/wp-json\/wp\/v2\/pages\/2013\/revisions"}],"predecessor-version":[{"id":3312,"href":"https:\/\/www.gruene-nf.de\/sylt\/wp-json\/wp\/v2\/pages\/2013\/revisions\/3312"}],"wp:attachment":[{"href":"https:\/\/www.gruene-nf.de\/sylt\/wp-json\/wp\/v2\/media?parent=2013"}],"wp:term":[{"taxonomy":"post_tag","embeddable":true,"href":"https:\/\/www.gruene-nf.de\/sylt\/wp-json\/wp\/v2\/tags?post=2013"}],"curies":[{"name":"wp","href":"https:\/\/api.w.org\/{rel}","templated":true}]}}