{"id":2007,"date":"2023-01-12T15:30:25","date_gmt":"2023-01-12T14:30:25","guid":{"rendered":"https:\/\/gruene-sylt.de\/?page_id=2007"},"modified":"2024-08-12T12:40:19","modified_gmt":"2024-08-12T10:40:19","slug":"aktuelles-2","status":"publish","type":"page","link":"https:\/\/www.gruene-nf.de\/sylt\/aktuelles-2\/","title":{"rendered":"Aktuelles"},"content":{"rendered":"\n<div style=\"height:100px\" aria-hidden=\"true\" class=\"wp-block-spacer\"><\/div>\n\n\n<div class=\"has-background latest-posts wp-block-sunflower-latest-posts\">\n        <div class=\"wp-block-group__inner-container\">\n            <h2 class=\"text-center h1\">Aktuelles aus der Gemeinde Sylt<\/h2>\n                <div class=\"row\" data-masonry='{\"percentPosition\": true }'><div class=\"col-md-6\">\n<article id=\"post-3451\" class=\"bg-white mb-4 has-shadow post-3451 post type-post status-publish format-standard has-post-thumbnail hentry category-allgemein\">\n\t<div class=\"\">\n\t\t\t\t\t<div class=\"\">\n\t\t\t\t<a href=\"https:\/\/www.gruene-nf.de\/sylt\/2025\/09\/12\/nordfriesland-braucht-den-ausbau-der-marschbahn-jetzt\/\" aria-label=\"Post Thumbnail\" rel=\"bookmark\">\n\t\t\t\t\t\t\t\t<img loading=\"lazy\" decoding=\"async\" width=\"768\" height=\"960\" src=\"https:\/\/www.gruene-nf.de\/sylt\/wp-content\/uploads\/sites\/6\/2025\/09\/marschbahn-1-768x960.png\" class=\"post-thumbnail wp-post-image\" alt=\"Nordfriesland braucht den Ausbau der Marschbahn \u2013 jetzt!\" \/>\n\n\t\t\t\t\t\t\t<\/a>\n\t\t\t<\/div>\n\t\t\t\t\t<div class=\"p-45\">\n\t\t\t<header class=\"entry-header mb-2\">\n\t\t\t\t\t\t\t\t<h2 class=\"card-title h4 mb-3\"><a href=\"https:\/\/www.gruene-nf.de\/sylt\/2025\/09\/12\/nordfriesland-braucht-den-ausbau-der-marschbahn-jetzt\/\" rel=\"bookmark\">Nordfriesland braucht den Ausbau der Marschbahn \u2013 jetzt!<\/a><\/h2>\t\t\t\t\t<div class=\"entry-meta mb-3\">\n\t\t\t\t\t\t<span class=\"posted-on\"><time class=\"entry-date published updated\" datetime=\"2025-09-12T17:56:59+02:00\">12. September 2025<\/time><\/span>\t\t\t\t\t<\/div><!-- .entry-meta -->\n\t\t\t\t\t\t\t\t<\/header><!-- .entry-header -->\n\n\t\t\t<div class=\"entry-content\">\n\t\t\t\t<a href=\"https:\/\/www.gruene-nf.de\/sylt\/2025\/09\/12\/nordfriesland-braucht-den-ausbau-der-marschbahn-jetzt\/\" rel=\"bookmark\">\n\t\t\t\t<p>Hier findet ihr unsere Stellungnahme &#8211;&gt; https:\/\/www.gruene-nf.de\/blog\/2025\/09\/12\/nordfriesland-braucht-den-ausbau-der-marschbahn-jetzt\/<\/p>\n\t\t\t\t<\/a>\n\t\t\t<\/div><!-- .entry-content -->\n\n\t\t\t<footer class=\"entry-footer\">\n\t\t\t\t\t\t\t<div class=\"d-flex mt-2 mb-2\">\n\t\t\t\t\t\t\t\t<div>\n\t\t<span class=\"cat-links small\"><a href=\"https:\/\/www.gruene-nf.de\/sylt\/category\/allgemein\/\" rel=\"category tag\">Allgemein<\/a><\/span>\n\t\t\t\t<\/div>\n\t\t\t<\/div>\n\t\t\n\t\t\t\t<div class=\"d-flex flex-row-reverse\">\n\t\t\t\t\t<a href=\"https:\/\/www.gruene-nf.de\/sylt\/2025\/09\/12\/nordfriesland-braucht-den-ausbau-der-marschbahn-jetzt\/\" rel=\"bookmark\" class=\"continue-reading\">\n\t\t\t\t\tweiterlesen\t\t\t\t<\/a>\n\t\t\t\t<\/div>\n\t\t\t<\/footer><!-- .entry-footer -->\n\t\t<\/div>\n\t<\/div>\n<\/article><!-- #post-3451 -->\n<\/div><div class=\"col-md-6\">\n<article id=\"post-3426\" class=\"bg-white mb-4 has-shadow post-3426 post type-post status-publish format-standard has-post-thumbnail hentry category-allgemein\">\n\t<div class=\"\">\n\t\t\t\t\t<div class=\"\">\n\t\t\t\t<a href=\"https:\/\/www.gruene-nf.de\/sylt\/2025\/08\/11\/silke-backsen-mdl-auf-sommertour-ein-tag-fuer-nachhaltigkeit-und-lebensqualitaet-auf-sylt\/\" aria-label=\"Post Thumbnail\" rel=\"bookmark\">\n\t\t\t\t\t\t\t\t<img loading=\"lazy\" decoding=\"async\" width=\"768\" height=\"960\" src=\"https:\/\/www.gruene-nf.de\/sylt\/wp-content\/uploads\/sites\/6\/2025\/08\/silkesylt-768x960.jpg\" class=\"post-thumbnail wp-post-image\" alt=\"Silke Backsen (MdL) auf Sommertour: Ein Tag f\u00fcr Nachhaltigkeit und Lebensqualit\u00e4t auf Sylt\" \/>\n\n\t\t\t\t\t\t\t<\/a>\n\t\t\t<\/div>\n\t\t\t\t\t<div class=\"p-45\">\n\t\t\t<header class=\"entry-header mb-2\">\n\t\t\t\t\t\t\t\t<h2 class=\"card-title h4 mb-3\"><a href=\"https:\/\/www.gruene-nf.de\/sylt\/2025\/08\/11\/silke-backsen-mdl-auf-sommertour-ein-tag-fuer-nachhaltigkeit-und-lebensqualitaet-auf-sylt\/\" rel=\"bookmark\">Silke Backsen (MdL) auf Sommertour: Ein Tag f\u00fcr Nachhaltigkeit und Lebensqualit\u00e4t auf Sylt<\/a><\/h2>\t\t\t\t\t<div class=\"entry-meta mb-3\">\n\t\t\t\t\t\t<span class=\"posted-on\"><time class=\"entry-date published\" datetime=\"2025-08-11T09:40:30+02:00\">11. August 2025<\/time><time class=\"updated\" datetime=\"2025-08-11T09:49:48+02:00\">11. August 2025<\/time><\/span>\t\t\t\t\t<\/div><!-- .entry-meta -->\n\t\t\t\t\t\t\t\t<\/header><!-- .entry-header -->\n\n\t\t\t<div class=\"entry-content\">\n\t\t\t\t<a href=\"https:\/\/www.gruene-nf.de\/sylt\/2025\/08\/11\/silke-backsen-mdl-auf-sommertour-ein-tag-fuer-nachhaltigkeit-und-lebensqualitaet-auf-sylt\/\" rel=\"bookmark\">\n\t\t\t\t<p>Sylt, 1. August 2025 \u2013 Im Rahmen ihrer landesweiten Sommertour hat die Landtagsabgeordnete Silke Backsen (B\u00fcndnis 90\/Die Gr\u00fcnen) am 01.08.2025 einen Informationstag auf Sylt verbracht. Im Mittelpunkt ihres Besuchs standen [&hellip;]<\/p>\n\t\t\t\t<\/a>\n\t\t\t<\/div><!-- .entry-content -->\n\n\t\t\t<footer class=\"entry-footer\">\n\t\t\t\t\t\t\t<div class=\"d-flex mt-2 mb-2\">\n\t\t\t\t\t\t\t\t<div>\n\t\t<span class=\"cat-links small\"><a href=\"https:\/\/www.gruene-nf.de\/sylt\/category\/allgemein\/\" rel=\"category tag\">Allgemein<\/a><\/span>\n\t\t\t\t<\/div>\n\t\t\t<\/div>\n\t\t\n\t\t\t\t<div class=\"d-flex flex-row-reverse\">\n\t\t\t\t\t<a href=\"https:\/\/www.gruene-nf.de\/sylt\/2025\/08\/11\/silke-backsen-mdl-auf-sommertour-ein-tag-fuer-nachhaltigkeit-und-lebensqualitaet-auf-sylt\/\" rel=\"bookmark\" class=\"continue-reading\">\n\t\t\t\t\tweiterlesen\t\t\t\t<\/a>\n\t\t\t\t<\/div>\n\t\t\t<\/footer><!-- .entry-footer -->\n\t\t<\/div>\n\t<\/div>\n<\/article><!-- #post-3426 -->\n<\/div><div class=\"col-md-6\">\n<article id=\"post-3359\" class=\"bg-white mb-4 has-shadow post-3359 post type-post status-publish format-standard has-post-thumbnail hentry category-allgemein\">\n\t<div class=\"\">\n\t\t\t\t\t<div class=\"\">\n\t\t\t\t<a href=\"https:\/\/www.gruene-nf.de\/sylt\/2025\/07\/17\/gedanken-fuer-ein-insulares-gremium\/\" aria-label=\"Post Thumbnail\" rel=\"bookmark\">\n\t\t\t\t\t\t\t\t<img loading=\"lazy\" decoding=\"async\" width=\"768\" height=\"960\" src=\"https:\/\/www.gruene-nf.de\/sylt\/wp-content\/uploads\/sites\/6\/2025\/07\/sylt-768x960.png\" class=\"post-thumbnail wp-post-image\" alt=\"GR\u00dcNE legen Konzept f\u00fcr \u201eInsulares Gremium\u201c vor \u2013 neue Impulse f\u00fcr Sylter Zusammenarbeit und B\u00fcrgerbeteiligung\u00a0\" \/>\n\n\t\t\t\t\t\t\t<\/a>\n\t\t\t<\/div>\n\t\t\t\t\t<div class=\"p-45\">\n\t\t\t<header class=\"entry-header mb-2\">\n\t\t\t\t\t\t\t\t<h2 class=\"card-title h4 mb-3\"><a href=\"https:\/\/www.gruene-nf.de\/sylt\/2025\/07\/17\/gedanken-fuer-ein-insulares-gremium\/\" rel=\"bookmark\">GR\u00dcNE legen Konzept f\u00fcr \u201eInsulares Gremium\u201c vor \u2013 neue Impulse f\u00fcr Sylter Zusammenarbeit und B\u00fcrgerbeteiligung\u00a0<\/a><\/h2>\t\t\t\t\t<div class=\"entry-meta mb-3\">\n\t\t\t\t\t\t<span class=\"posted-on\"><time class=\"entry-date published\" datetime=\"2025-07-17T17:25:09+02:00\">17. Juli 2025<\/time><time class=\"updated\" datetime=\"2025-07-25T12:29:47+02:00\">25. Juli 2025<\/time><\/span>\t\t\t\t\t<\/div><!-- .entry-meta -->\n\t\t\t\t\t\t\t\t<\/header><!-- .entry-header -->\n\n\t\t\t<div class=\"entry-content\">\n\t\t\t\t<a href=\"https:\/\/www.gruene-nf.de\/sylt\/2025\/07\/17\/gedanken-fuer-ein-insulares-gremium\/\" rel=\"bookmark\">\n\t\t\t\t<p>B\u00dcNDNIS 90\/DIE GR\u00dcNEN auf Sylt haben am vergangenen Dienstag im Hauptausschuss der Gemeinde Sylt ein m\u00f6gliches Konzept zur St\u00e4rkung der insularen Zusammenarbeit vorgelegt. Kern des Vorschlags ist die Einrichtung des [&hellip;]<\/p>\n\t\t\t\t<\/a>\n\t\t\t<\/div><!-- .entry-content -->\n\n\t\t\t<footer class=\"entry-footer\">\n\t\t\t\t\t\t\t<div class=\"d-flex mt-2 mb-2\">\n\t\t\t\t\t\t\t\t<div>\n\t\t<span class=\"cat-links small\"><a href=\"https:\/\/www.gruene-nf.de\/sylt\/category\/allgemein\/\" rel=\"category tag\">Allgemein<\/a><\/span>\n\t\t\t\t<\/div>\n\t\t\t<\/div>\n\t\t\n\t\t\t\t<div class=\"d-flex flex-row-reverse\">\n\t\t\t\t\t<a href=\"https:\/\/www.gruene-nf.de\/sylt\/2025\/07\/17\/gedanken-fuer-ein-insulares-gremium\/\" rel=\"bookmark\" class=\"continue-reading\">\n\t\t\t\t\tweiterlesen\t\t\t\t<\/a>\n\t\t\t\t<\/div>\n\t\t\t<\/footer><!-- .entry-footer -->\n\t\t<\/div>\n\t<\/div>\n<\/article><!-- #post-3359 -->\n<\/div><div class=\"col-md-6\">\n<article id=\"post-3293\" class=\"bg-white mb-4 has-shadow post-3293 post type-post status-publish format-standard has-post-thumbnail hentry category-allgemein\">\n\t<div class=\"\">\n\t\t\t\t\t<div class=\"\">\n\t\t\t\t<a href=\"https:\/\/www.gruene-nf.de\/sylt\/2025\/07\/02\/von-goldschakal-bis-energiewende-umweltminister-tobias-goldschmidt-auf-sylt\/\" aria-label=\"Post Thumbnail\" rel=\"bookmark\">\n\t\t\t\t\t\t\t\t<img loading=\"lazy\" decoding=\"async\" width=\"768\" height=\"960\" src=\"https:\/\/www.gruene-nf.de\/sylt\/wp-content\/uploads\/sites\/6\/2025\/07\/sharepic-tobias-goldschmidt-sylt-768x960.png\" class=\"post-thumbnail wp-post-image\" alt=\"Von Goldschakal bis Energiewende: Umweltminister Tobias Goldschmidt auf Sylt.\" \/>\n\n\t\t\t\t\t\t\t<\/a>\n\t\t\t<\/div>\n\t\t\t\t\t<div class=\"p-45\">\n\t\t\t<header class=\"entry-header mb-2\">\n\t\t\t\t <div class=\"roofline mb-1\">Am 17. Juli um 19 Uhr<\/div>\t\t\t\t<h2 class=\"card-title h4 mb-3\"><a href=\"https:\/\/www.gruene-nf.de\/sylt\/2025\/07\/02\/von-goldschakal-bis-energiewende-umweltminister-tobias-goldschmidt-auf-sylt\/\" rel=\"bookmark\">Von Goldschakal bis Energiewende: Umweltminister Tobias Goldschmidt auf Sylt.<\/a><\/h2>\t\t\t\t\t<div class=\"entry-meta mb-3\">\n\t\t\t\t\t\t<span class=\"posted-on\"><time class=\"entry-date published\" datetime=\"2025-07-02T12:17:22+02:00\">2. Juli 2025<\/time><time class=\"updated\" datetime=\"2025-07-02T12:17:23+02:00\">2. Juli 2025<\/time><\/span>\t\t\t\t\t<\/div><!-- .entry-meta -->\n\t\t\t\t\t\t\t\t<\/header><!-- .entry-header -->\n\n\t\t\t<div class=\"entry-content\">\n\t\t\t\t<a href=\"https:\/\/www.gruene-nf.de\/sylt\/2025\/07\/02\/von-goldschakal-bis-energiewende-umweltminister-tobias-goldschmidt-auf-sylt\/\" rel=\"bookmark\">\n\t\t\t\t<p>Im Gespr\u00e4ch mit der Moderatorin Margot B\u00f6hm wird es um Themen von der R\u00fcckkehr des Goldschakals bis zur Umsetzung der Energiewende gehen. Am Donnerstag, den 17. Juli 2025, wird Tobias [&hellip;]<\/p>\n\t\t\t\t<\/a>\n\t\t\t<\/div><!-- .entry-content -->\n\n\t\t\t<footer class=\"entry-footer\">\n\t\t\t\t\t\t\t<div class=\"d-flex mt-2 mb-2\">\n\t\t\t\t\t\t\t\t<div>\n\t\t<span class=\"cat-links small\"><a href=\"https:\/\/www.gruene-nf.de\/sylt\/category\/allgemein\/\" rel=\"category tag\">Allgemein<\/a><\/span>\n\t\t\t\t<\/div>\n\t\t\t<\/div>\n\t\t\n\t\t\t\t<div class=\"d-flex flex-row-reverse\">\n\t\t\t\t\t<a href=\"https:\/\/www.gruene-nf.de\/sylt\/2025\/07\/02\/von-goldschakal-bis-energiewende-umweltminister-tobias-goldschmidt-auf-sylt\/\" rel=\"bookmark\" class=\"continue-reading\">\n\t\t\t\t\tweiterlesen\t\t\t\t<\/a>\n\t\t\t\t<\/div>\n\t\t\t<\/footer><!-- .entry-footer -->\n\t\t<\/div>\n\t<\/div>\n<\/article><!-- #post-3293 -->\n<\/div><div class=\"col-md-6\">\n<article id=\"post-3282\" class=\"bg-white mb-4 has-shadow post-3282 post type-post status-publish format-standard has-post-thumbnail hentry category-allgemein\">\n\t<div class=\"\">\n\t\t\t\t\t<div class=\"\">\n\t\t\t\t<a href=\"https:\/\/www.gruene-nf.de\/sylt\/2025\/06\/25\/buendnis-90-die-gruenen-inselverband-sylt-neuer-vorstand-gewaehlt-und-weichen-fuer-die-zukunft-gestellt\/\" aria-label=\"Post Thumbnail\" rel=\"bookmark\">\n\t\t\t\t\t\t\t\t<img loading=\"lazy\" decoding=\"async\" width=\"768\" height=\"960\" src=\"https:\/\/www.gruene-nf.de\/sylt\/wp-content\/uploads\/sites\/6\/2025\/06\/ovsylt-768x960.jpg\" class=\"post-thumbnail wp-post-image\" alt=\"B\u00dcNDNIS 90\/DIE GR\u00dcNEN Inselverband Sylt: Neuer Vorstand gew\u00e4hlt und Weichen f\u00fcr die Zukunft gestellt\" \/>\n\n\t\t\t\t\t\t\t<\/a>\n\t\t\t<\/div>\n\t\t\t\t\t<div class=\"p-45\">\n\t\t\t<header class=\"entry-header mb-2\">\n\t\t\t\t\t\t\t\t<h2 class=\"card-title h4 mb-3\"><a href=\"https:\/\/www.gruene-nf.de\/sylt\/2025\/06\/25\/buendnis-90-die-gruenen-inselverband-sylt-neuer-vorstand-gewaehlt-und-weichen-fuer-die-zukunft-gestellt\/\" rel=\"bookmark\">B\u00dcNDNIS 90\/DIE GR\u00dcNEN Inselverband Sylt: Neuer Vorstand gew\u00e4hlt und Weichen f\u00fcr die Zukunft gestellt<\/a><\/h2>\t\t\t\t\t<div class=\"entry-meta mb-3\">\n\t\t\t\t\t\t<span class=\"posted-on\"><time class=\"entry-date published\" datetime=\"2025-06-25T16:04:37+02:00\">25. Juni 2025<\/time><time class=\"updated\" datetime=\"2025-06-25T16:04:38+02:00\">25. Juni 2025<\/time><\/span>\t\t\t\t\t<\/div><!-- .entry-meta -->\n\t\t\t\t\t\t\t\t<\/header><!-- .entry-header -->\n\n\t\t\t<div class=\"entry-content\">\n\t\t\t\t<a href=\"https:\/\/www.gruene-nf.de\/sylt\/2025\/06\/25\/buendnis-90-die-gruenen-inselverband-sylt-neuer-vorstand-gewaehlt-und-weichen-fuer-die-zukunft-gestellt\/\" rel=\"bookmark\">\n\t\t\t\t<p>Auf der Mitgliederversammlung des Gr\u00fcnen Inselverbands Sylt am 22. Juni im Tinem H\u00fcs wurden wichtige personelle und inhaltliche Entscheidungen getroffen. Im Mittelpunkt standen die Neuwahl des Vorstands sowie die Verabschiedung [&hellip;]<\/p>\n\t\t\t\t<\/a>\n\t\t\t<\/div><!-- .entry-content -->\n\n\t\t\t<footer class=\"entry-footer\">\n\t\t\t\t\t\t\t<div class=\"d-flex mt-2 mb-2\">\n\t\t\t\t\t\t\t\t<div>\n\t\t<span class=\"cat-links small\"><a href=\"https:\/\/www.gruene-nf.de\/sylt\/category\/allgemein\/\" rel=\"category tag\">Allgemein<\/a><\/span>\n\t\t\t\t<\/div>\n\t\t\t<\/div>\n\t\t\n\t\t\t\t<div class=\"d-flex flex-row-reverse\">\n\t\t\t\t\t<a href=\"https:\/\/www.gruene-nf.de\/sylt\/2025\/06\/25\/buendnis-90-die-gruenen-inselverband-sylt-neuer-vorstand-gewaehlt-und-weichen-fuer-die-zukunft-gestellt\/\" rel=\"bookmark\" class=\"continue-reading\">\n\t\t\t\t\tweiterlesen\t\t\t\t<\/a>\n\t\t\t\t<\/div>\n\t\t\t<\/footer><!-- .entry-footer -->\n\t\t<\/div>\n\t<\/div>\n<\/article><!-- #post-3282 -->\n<\/div><div class=\"col-md-6\">\n<article id=\"post-3248\" class=\"bg-white mb-4 has-shadow post-3248 post type-post status-publish format-standard hentry category-allgemein\">\n\t<div class=\"\">\n\t\t\t\t<div class=\"p-45\">\n\t\t\t<header class=\"entry-header mb-2\">\n\t\t\t\t\t\t\t\t<h2 class=\"card-title h4 mb-3\"><a href=\"https:\/\/www.gruene-nf.de\/sylt\/2025\/03\/24\/anfrage-bzgl-ferienwohnungen-in-nordfriesland-an-den-kreis\/\" rel=\"bookmark\">Anfrage bzgl. Ferienwohnungen in Nordfriesland an den Kreis<\/a><\/h2>\t\t\t\t\t<div class=\"entry-meta mb-3\">\n\t\t\t\t\t\t<span class=\"posted-on\"><time class=\"entry-date published\" datetime=\"2025-03-24T14:13:44+01:00\">24. M\u00e4rz 2025<\/time><time class=\"updated\" datetime=\"2025-03-24T14:17:58+01:00\">24. M\u00e4rz 2025<\/time><\/span>\t\t\t\t\t<\/div><!-- .entry-meta -->\n\t\t\t\t\t\t\t\t<\/header><!-- .entry-header -->\n\n\t\t\t<div class=\"entry-content\">\n\t\t\t\t<a href=\"https:\/\/www.gruene-nf.de\/sylt\/2025\/03\/24\/anfrage-bzgl-ferienwohnungen-in-nordfriesland-an-den-kreis\/\" rel=\"bookmark\">\n\t\t\t\t<p>Im Zusammenhang mit dem Thema der nicht genehmigten Ferienwohnungen und einem m\u00f6glichenUmgang damit hat unserer Kreistagsabgeordnete Margot B\u00f6hm in der Kreistagssitzung am 21.03.2025 folgende Fragen gestellt. __________________________________ Obwohl die Zeit [&hellip;]<\/p>\n\t\t\t\t<\/a>\n\t\t\t<\/div><!-- .entry-content -->\n\n\t\t\t<footer class=\"entry-footer\">\n\t\t\t\t\t\t\t<div class=\"d-flex mt-2 mb-2\">\n\t\t\t\t\t\t\t\t<div>\n\t\t<span class=\"cat-links small\"><a href=\"https:\/\/www.gruene-nf.de\/sylt\/category\/allgemein\/\" rel=\"category tag\">Allgemein<\/a><\/span>\n\t\t\t\t<\/div>\n\t\t\t<\/div>\n\t\t\n\t\t\t\t<div class=\"d-flex flex-row-reverse\">\n\t\t\t\t\t<a href=\"https:\/\/www.gruene-nf.de\/sylt\/2025\/03\/24\/anfrage-bzgl-ferienwohnungen-in-nordfriesland-an-den-kreis\/\" rel=\"bookmark\" class=\"continue-reading\">\n\t\t\t\t\tweiterlesen\t\t\t\t<\/a>\n\t\t\t\t<\/div>\n\t\t\t<\/footer><!-- .entry-footer -->\n\t\t<\/div>\n\t<\/div>\n<\/article><!-- #post-3248 -->\n<\/div>\n    <a class=\"text-white no-link d-block bg-primary has-green-550-hover-background-color border-radius\" href=\"https:\/\/www.gruene-nf.de\/sylt?post_type=post\" rel=\"\">\n        <div class=\"p-45 row\">\n        <span class=\"continue-reading text-white text-center pt-0\">zum Blog-Archiv<\/span>\n        <\/div>\n    <\/a>\n<\/div><\/div><\/div>\n\n\n<div style=\"height:100px\" aria-hidden=\"true\" class=\"wp-block-spacer\"><\/div>\n","protected":false},"excerpt":{"rendered":"","protected":false},"author":1,"featured_media":0,"parent":0,"menu_order":0,"comment_status":"closed","ping_status":"closed","template":"","meta":{"footnotes":""},"tags":[],"class_list":["post-2007","page","type-page","status-publish","hentry"],"_links":{"self":[{"href":"https:\/\/www.gruene-nf.de\/sylt\/wp-json\/wp\/v2\/pages\/2007","targetHints":{"allow":["GET"]}}],"collection":[{"href":"https:\/\/www.gruene-nf.de\/sylt\/wp-json\/wp\/v2\/pages"}],"about":[{"href":"https:\/\/www.gruene-nf.de\/sylt\/wp-json\/wp\/v2\/types\/page"}],"author":[{"embeddable":true,"href":"https:\/\/www.gruene-nf.de\/sylt\/wp-json\/wp\/v2\/users\/1"}],"replies":[{"embeddable":true,"href":"https:\/\/www.gruene-nf.de\/sylt\/wp-json\/wp\/v2\/comments?post=2007"}],"version-history":[{"count":5,"href":"https:\/\/www.gruene-nf.de\/sylt\/wp-json\/wp\/v2\/pages\/2007\/revisions"}],"predecessor-version":[{"id":3164,"href":"https:\/\/www.gruene-nf.de\/sylt\/wp-json\/wp\/v2\/pages\/2007\/revisions\/3164"}],"wp:attachment":[{"href":"https:\/\/www.gruene-nf.de\/sylt\/wp-json\/wp\/v2\/media?parent=2007"}],"wp:term":[{"taxonomy":"post_tag","embeddable":true,"href":"https:\/\/www.gruene-nf.de\/sylt\/wp-json\/wp\/v2\/tags?post=2007"}],"curies":[{"name":"wp","href":"https:\/\/api.w.org\/{rel}","templated":true}]}}