{"id":13,"date":"2018-03-16T14:00:31","date_gmt":"2018-03-16T14:00:31","guid":{"rendered":"http:\/\/gruene-list.de\/?page_id=13"},"modified":"2023-08-30T10:11:08","modified_gmt":"2023-08-30T08:11:08","slug":"aktive-2","status":"publish","type":"page","link":"https:\/\/www.gruene-nf.de\/sylt\/aktive-2\/","title":{"rendered":"Aktive in List"},"content":{"rendered":"\n<figure class=\"wp-block-image size-large\"><img loading=\"lazy\" decoding=\"async\" width=\"1024\" height=\"680\" src=\"https:\/\/www.gruene-nf.de\/sylt\/wp-content\/uploads\/sites\/6\/2023\/02\/Niemals-war-mehr-Anfang-als-jetzt-scaled-1-1024x680.jpg\" alt=\"\" class=\"wp-image-1336\" style=\"object-fit:cover\" srcset=\"https:\/\/www.gruene-nf.de\/sylt\/wp-content\/uploads\/sites\/6\/2023\/02\/Niemals-war-mehr-Anfang-als-jetzt-scaled-1-1024x680.jpg 1024w, https:\/\/www.gruene-nf.de\/sylt\/wp-content\/uploads\/sites\/6\/2023\/02\/Niemals-war-mehr-Anfang-als-jetzt-scaled-1-300x199.jpg 300w, https:\/\/www.gruene-nf.de\/sylt\/wp-content\/uploads\/sites\/6\/2023\/02\/Niemals-war-mehr-Anfang-als-jetzt-scaled-1-768x510.jpg 768w, https:\/\/www.gruene-nf.de\/sylt\/wp-content\/uploads\/sites\/6\/2023\/02\/Niemals-war-mehr-Anfang-als-jetzt-scaled-1-1536x1020.jpg 1536w, https:\/\/www.gruene-nf.de\/sylt\/wp-content\/uploads\/sites\/6\/2023\/02\/Niemals-war-mehr-Anfang-als-jetzt-scaled-1-2048x1360.jpg 2048w\" sizes=\"auto, (max-width: 1024px) 100vw, 1024px\" \/><figcaption class=\"wp-element-caption\">von links nach rechts: Hedi Sch\u00fctz, Timm Kress, Elisabeth Warda, Manfred Koch, Meike Persson, Silke Lieser, Rolf B\u00fcnte, Anke Dreeskamp, Martina Sander, Molly Kiesewein, Margot B\u00f6hm. Es fehlen noch: Anne Schacht und Dr. Tobias Dolch<\/figcaption><\/figure>\n\n\n\n<hr class=\"wp-block-separator has-alpha-channel-opacity\"\/>\n\n\n\n<h2 class=\"wp-block-heading has-text-align-center\"><strong>Als Team wollen wir <\/strong><br><strong>gemeinsam mit Euch <\/strong><br><strong>unser List gestalten!<\/strong><\/h2>\n\n\n\n<div style=\"height:37px\" aria-hidden=\"true\" class=\"wp-block-spacer\"><\/div>\n\n\n\n<div class=\"wp-block-media-text alignfull is-stacked-on-mobile is-vertically-aligned-center\" style=\"grid-template-columns:35% auto\"><figure class=\"wp-block-media-text__media\"><img loading=\"lazy\" decoding=\"async\" width=\"925\" height=\"1024\" src=\"https:\/\/www.gruene-nf.de\/sylt\/wp-content\/uploads\/sites\/6\/2023\/02\/DSC_0240-3-925x1024.jpeg\" alt=\"\" class=\"wp-image-1357 size-full\" srcset=\"https:\/\/www.gruene-nf.de\/sylt\/wp-content\/uploads\/sites\/6\/2023\/02\/DSC_0240-3-925x1024.jpeg 925w, https:\/\/www.gruene-nf.de\/sylt\/wp-content\/uploads\/sites\/6\/2023\/02\/DSC_0240-3-271x300.jpeg 271w, https:\/\/www.gruene-nf.de\/sylt\/wp-content\/uploads\/sites\/6\/2023\/02\/DSC_0240-3-768x850.jpeg 768w, https:\/\/www.gruene-nf.de\/sylt\/wp-content\/uploads\/sites\/6\/2023\/02\/DSC_0240-3.jpeg 961w\" sizes=\"auto, (max-width: 925px) 100vw, 925px\" \/><\/figure><div class=\"wp-block-media-text__content\">\n<p><\/p>\n\n\n\n<h3 class=\"wp-block-heading has-text-align-center has-text-color\" style=\"color:#000000\"><strong>Molly Kiesewein<\/strong><\/h3>\n\n\n\n<p>Gemeindevertreterin, Fraktionsvorsitzende, Mitglied im Bau- und Planungsausschuss und im Sozial- und Umweltausschuss<\/p>\n\n\n\n<p>Ich bin verheiratet und Mutter eines 6-j\u00e4hrigen Jungen.<\/p>\n\n\n\n<p>Seit 2007 f\u00fchre ich das durch meine Gro\u00dfeltern gegr\u00fcndete G\u00e4stehaus als Kleinvermieterin.<\/p>\n\n\n\n<p>Nachdem ich 1981 in Westerland geboren wurde, wuchs ich im Herzen Schleswig-Holsteins auf und bin seit 2001 in 4. Generation wieder Zuhause in List.<\/p>\n\n\n\n<p>Schon lange interessiere ich mich f\u00fcr die Lister-Kommunalpolitik und seit 2020 bin ich eine engagierte Sylter Gr\u00fcne und besuche regelm\u00e4\u00dfig die Sitzungen und Aussch\u00fcsse in List.<\/p>\n<\/div><\/div>\n\n\n\n<blockquote class=\"wp-block-quote is-layout-flow wp-block-quote-is-layout-flow\">\n<p class=\"has-white-background-color has-background\">&#8222;In Sachen Baupolitik legen wir den Fokus auf eine attraktive Ortsgestaltung f\u00fcr uns Einwohnerinnen und Einwohner.<br>Auch das Thema Fachpersonalmangel, besonders hier auf unserer Insel, gehen wir mit innovativen Ans\u00e4tzen an.<br>Wir wollen das gesellschaftliche Miteinander st\u00e4rken.&#8220;<\/p>\n<\/blockquote>\n\n\n\n<div class=\"wp-block-media-text alignfull is-stacked-on-mobile is-vertically-aligned-center\" style=\"grid-template-columns:36% auto\"><figure class=\"wp-block-media-text__media\"><img loading=\"lazy\" decoding=\"async\" width=\"878\" height=\"1024\" src=\"https:\/\/www.gruene-nf.de\/sylt\/wp-content\/uploads\/sites\/6\/2023\/02\/MB-Husum-List-878x1024.png\" alt=\"\" class=\"wp-image-1352 size-full\" srcset=\"https:\/\/www.gruene-nf.de\/sylt\/wp-content\/uploads\/sites\/6\/2023\/02\/MB-Husum-List-878x1024.png 878w, https:\/\/www.gruene-nf.de\/sylt\/wp-content\/uploads\/sites\/6\/2023\/02\/MB-Husum-List-257x300.png 257w, https:\/\/www.gruene-nf.de\/sylt\/wp-content\/uploads\/sites\/6\/2023\/02\/MB-Husum-List-768x896.png 768w, https:\/\/www.gruene-nf.de\/sylt\/wp-content\/uploads\/sites\/6\/2023\/02\/MB-Husum-List-1317x1536.png 1317w, https:\/\/www.gruene-nf.de\/sylt\/wp-content\/uploads\/sites\/6\/2023\/02\/MB-Husum-List.png 1372w\" sizes=\"auto, (max-width: 878px) 100vw, 878px\" \/><\/figure><div class=\"wp-block-media-text__content\">\n<p><\/p>\n\n\n\n<p><\/p>\n\n\n\n<h3 class=\"wp-block-heading has-text-align-center has-text-color\" style=\"color:#000000\"><strong>Margot B\u00f6hm<\/strong><\/h3>\n\n\n\n<p>2. stellvertretende B\u00fcrgermeisterin, Gemeindevertreterin, Vorsitzende des Tourismusausschusses<\/p>\n\n\n\n<p>Geboren: 1964 in Olsberg im Hochsauerland, Nordrhein-Westfalen<\/p>\n\n\n\n<p>Familienstand: verheiratet, zwei erwachsene T\u00f6chter<\/p>\n\n\n\n<p>Beruf: Dipl.-P\u00e4d., Coach, Coachausbilderin, Change Management-Begleiterin, Inhaberin des coaching.zentrums <\/p>\n\n\n\n<p>Bisheriges kommunalpolitisches Engagement:<br>Gemeindevertreterin in List seit 2018<br>Kreistagsabgeordnete und Vorsitzende des Wirtschaftsausschusses (Nordfriesland) seit 2018<\/p>\n\n\n\n<p>Schwerpunktthemen: Beteiligung von B\u00fcrgerinnen und B\u00fcrgern, nachhaltige Ortsentwicklung, zukunftsf\u00e4hige Mobilit\u00e4t<\/p>\n\n\n\n<p><\/p>\n<\/div><\/div>\n\n\n\n<blockquote class=\"wp-block-quote is-layout-flow wp-block-quote-is-layout-flow\">\n<p class=\"has-white-background-color has-background\"><br>\u201eIch freue mich darauf, Menschen miteinander ins Gespr\u00e4ch zu bringen und gemeinsam mit allen, die wollen, List \u201eenkeltauglich\u201c zu gestalten!\u201c<\/p>\n<\/blockquote>\n\n\n\n<div class=\"wp-block-media-text alignfull is-stacked-on-mobile is-vertically-aligned-center\" style=\"grid-template-columns:36% auto\"><figure class=\"wp-block-media-text__media\"><img loading=\"lazy\" decoding=\"async\" width=\"960\" height=\"1006\" src=\"https:\/\/www.gruene-nf.de\/sylt\/wp-content\/uploads\/sites\/6\/2023\/02\/DSC_0187-2.jpeg\" alt=\"\" class=\"wp-image-1355 size-full\" srcset=\"https:\/\/www.gruene-nf.de\/sylt\/wp-content\/uploads\/sites\/6\/2023\/02\/DSC_0187-2.jpeg 960w, https:\/\/www.gruene-nf.de\/sylt\/wp-content\/uploads\/sites\/6\/2023\/02\/DSC_0187-2-286x300.jpeg 286w, https:\/\/www.gruene-nf.de\/sylt\/wp-content\/uploads\/sites\/6\/2023\/02\/DSC_0187-2-768x805.jpeg 768w\" sizes=\"auto, (max-width: 960px) 100vw, 960px\" \/><\/figure><div class=\"wp-block-media-text__content\">\n<p><\/p>\n\n\n\n<p><\/p>\n\n\n\n<p><\/p>\n\n\n\n<h3 class=\"wp-block-heading has-text-align-center has-text-color\" style=\"color:#000000\"><strong>Manfred Koch<\/strong><\/h3>\n\n\n\n<p>Gemeindevertreter, Mitglied im Finanzausschuss<\/p>\n\n\n\n<p>1963 in L\u00fcbeck geboren.<br>Seit 1983 in List ans\u00e4ssig.<br><br>Verheiratet. Zwei erwachsene Kinder.<\/p>\n\n\n\n<p>Ausge\u00fcbte Berufe: <br>Gastronomie, IT- und Veranstaltungstechnik. <br>Senior Officer auf Expeditionsschiffen.<\/p>\n\n\n\n<p>Mitglied des SSW und in der Kommunalpolitik List t\u00e4tig seit 1997.<\/p>\n\n\n\n<p><\/p>\n<\/div><\/div>\n\n\n\n<blockquote class=\"wp-block-quote is-layout-flow wp-block-quote-is-layout-flow\">\n<p class=\"has-white-background-color has-background\">&#8222;Mein Schwerpunkt ist der Erhalt der d\u00f6rflichen Infrastruktur in Kombination mit einem sanften, naturbewahrendem Tourismus.&#8220;<\/p>\n\n\n\n<h3 class=\"wp-block-heading\"><\/h3>\n<\/blockquote>\n\n\n\n<div class=\"wp-block-media-text alignfull is-stacked-on-mobile is-vertically-aligned-center\" style=\"grid-template-columns:34% auto\"><figure class=\"wp-block-media-text__media\"><img loading=\"lazy\" decoding=\"async\" width=\"828\" height=\"1024\" src=\"https:\/\/www.gruene-nf.de\/sylt\/wp-content\/uploads\/sites\/6\/2023\/02\/Anke-828x1024.jpeg\" alt=\"\" class=\"wp-image-1361 size-full\" srcset=\"https:\/\/www.gruene-nf.de\/sylt\/wp-content\/uploads\/sites\/6\/2023\/02\/Anke-828x1024.jpeg 828w, https:\/\/www.gruene-nf.de\/sylt\/wp-content\/uploads\/sites\/6\/2023\/02\/Anke-243x300.jpeg 243w, https:\/\/www.gruene-nf.de\/sylt\/wp-content\/uploads\/sites\/6\/2023\/02\/Anke-768x949.jpeg 768w, https:\/\/www.gruene-nf.de\/sylt\/wp-content\/uploads\/sites\/6\/2023\/02\/Anke.jpeg 961w\" sizes=\"auto, (max-width: 828px) 100vw, 828px\" \/><\/figure><div class=\"wp-block-media-text__content\">\n<p><\/p>\n\n\n\n<p><\/p>\n\n\n\n<p><\/p>\n\n\n\n<p><\/p>\n\n\n\n<p><\/p>\n\n\n\n<h3 class=\"wp-block-heading has-text-align-center has-text-color\" style=\"color:#000000\"><strong>Anke Dreeskamp<\/strong><\/h3>\n\n\n\n<p>B\u00fcrgerliches Mitglied im Bauausschuss<\/p>\n\n\n\n<p>Geboren: 1969 in Stuttgart, \u00fcber M\u00fclheim a.d. Ruhr und Braunschweig, 1998 nach Sylt\/List<\/p>\n\n\n\n<p>Familienstand:<br>verheiratet, eine Tochter(20) und einen Sohn (12)<\/p>\n\n\n\n<p>Beruf: Apothekerin<\/p>\n\n\n\n<p>Kommunalpolitisches Engagement: seit 2023 bei den Gr\u00fcnen\/List<\/p>\n\n\n\n<p>Schwerpunktthemen:<br>Mobilit\u00e4t und Tourismus unter dem Blickwinkel des Klimawandels, sozial fokussierte Ortsentwicklung f\u00fcr Jung und Alt<\/p>\n<\/div><\/div>\n\n\n\n<blockquote class=\"wp-block-quote is-layout-flow wp-block-quote-is-layout-flow\">\n<p class=\"has-white-background-color has-background\">\u201eDie Erhaltung und Entwicklung der sozialen Strukturen im Ort liegen mir besonders am Herzen. Dabei ist mir das offene Ohr allen Ideen gegen\u00fcber besonders wichtig. Ich freue mich darauf aktiv die Zukunft des Ortes mitgestalten zu k\u00f6nnen.\u201c<\/p>\n<\/blockquote>\n\n\n\n<h3 class=\"wp-block-heading\">&nbsp;<\/h3>\n\n\n\n<div class=\"wp-block-media-text alignfull is-stacked-on-mobile is-vertically-aligned-center\" style=\"grid-template-columns:35% auto\"><figure class=\"wp-block-media-text__media\"><img loading=\"lazy\" decoding=\"async\" width=\"862\" height=\"1024\" src=\"https:\/\/www.gruene-nf.de\/sylt\/wp-content\/uploads\/sites\/6\/2023\/02\/DSC_0215-862x1024.jpeg\" alt=\"\" class=\"wp-image-1360 size-full\" srcset=\"https:\/\/www.gruene-nf.de\/sylt\/wp-content\/uploads\/sites\/6\/2023\/02\/DSC_0215-862x1024.jpeg 862w, https:\/\/www.gruene-nf.de\/sylt\/wp-content\/uploads\/sites\/6\/2023\/02\/DSC_0215-252x300.jpeg 252w, https:\/\/www.gruene-nf.de\/sylt\/wp-content\/uploads\/sites\/6\/2023\/02\/DSC_0215-768x913.jpeg 768w, https:\/\/www.gruene-nf.de\/sylt\/wp-content\/uploads\/sites\/6\/2023\/02\/DSC_0215.jpeg 960w\" sizes=\"auto, (max-width: 862px) 100vw, 862px\" \/><\/figure><div class=\"wp-block-media-text__content\">\n<p><\/p>\n\n\n\n<h3 class=\"wp-block-heading has-text-align-center has-text-color\" style=\"color:#000000\"><strong>Timm Kress<\/strong><\/h3>\n\n\n\n<p>B\u00fcrgerliches Mitglied im Sozial- und Umweltausschuss<\/p>\n\n\n\n<p>Geboren 1985 in Bad Oldesloe,<br>seit 2015 in List<\/p>\n\n\n\n<p>Familienstand: <br>in Partnerschaft, 2 Kinder<\/p>\n\n\n\n<p>Beruf: <br>Technischer Assistent<\/p>\n\n\n\n<p>Seit 2018 bei den Gr\u00fcnen in List<\/p>\n\n\n\n<p>Schwerpunktthemen:<br>Mobilit\u00e4t, Naturschutz, Soziales<\/p>\n\n\n\n<p class=\"has-text-align-center has-extra-small-font-size\"><\/p>\n<\/div><\/div>\n\n\n\n<blockquote class=\"wp-block-quote is-layout-flow wp-block-quote-is-layout-flow\">\n<p class=\"has-white-background-color has-background\">\u201eHier im Ort bewege ich mich fast ausschlie\u00dflich mit dem Fahrrad oder zu Fu\u00df fort. Es ist ein Privileg, umgeben vom Weltnaturerbe Wattenmeer und Naturschutzgebieten leben zu d\u00fcrfen.\u201c<\/p>\n<\/blockquote>\n\n\n\n<div class=\"wp-block-media-text alignfull is-stacked-on-mobile is-vertically-aligned-center\" style=\"grid-template-columns:36% auto\"><figure class=\"wp-block-media-text__media\"><img loading=\"lazy\" decoding=\"async\" width=\"979\" height=\"961\" src=\"https:\/\/www.gruene-nf.de\/sylt\/wp-content\/uploads\/sites\/6\/2023\/02\/DSC_0199.jpeg\" alt=\"\" class=\"wp-image-1358 size-full\" srcset=\"https:\/\/www.gruene-nf.de\/sylt\/wp-content\/uploads\/sites\/6\/2023\/02\/DSC_0199.jpeg 979w, https:\/\/www.gruene-nf.de\/sylt\/wp-content\/uploads\/sites\/6\/2023\/02\/DSC_0199-300x294.jpeg 300w, https:\/\/www.gruene-nf.de\/sylt\/wp-content\/uploads\/sites\/6\/2023\/02\/DSC_0199-768x754.jpeg 768w\" sizes=\"auto, (max-width: 979px) 100vw, 979px\" \/><\/figure><div class=\"wp-block-media-text__content\">\n<p><\/p>\n\n\n\n<p><\/p>\n\n\n\n<h3 class=\"wp-block-heading has-text-align-center has-text-color\" style=\"color:#000000\"><strong>Meike Persson<\/strong><\/h3>\n\n\n\n<p class=\"has-text-align-center has-extra-small-font-size\"><\/p>\n\n\n\n<p>B\u00fcrgerliches Mitglied im Tourismusausschuss<\/p>\n\n\n\n<p>Geboren: 1967 in Flensburg<br>Im Alter von 2 Jahren nach Sylt gezogen<br>Familienstand: ledig<br>2 erwachsene S\u00f6hne<br><br>Beruf: Gelernte Bankkauffrau , z.Zt. Bei Firma Gosch besch\u00e4ftigt<br><br>Politisch aktiv : seit 2023 bei B\u00fcndnis 90 die Gr\u00fcnen<br><br>Schwerpunkt: Erhaltung der Natur<\/p>\n<\/div><\/div>\n\n\n\n<blockquote class=\"wp-block-quote is-layout-flow wp-block-quote-is-layout-flow\">\n<p class=\"has-white-background-color has-background\">&#8222;Es d\u00fcrfen keine Gr\u00fcnfl\u00e4chen mehr verschwinden.&#8220;<\/p>\n<\/blockquote>\n\n\n\n<div class=\"wp-block-media-text alignfull is-stacked-on-mobile is-vertically-aligned-center\" style=\"grid-template-columns:37% auto\"><figure class=\"wp-block-media-text__media\"><img loading=\"lazy\" decoding=\"async\" width=\"869\" height=\"1024\" src=\"https:\/\/www.gruene-nf.de\/sylt\/wp-content\/uploads\/sites\/6\/2023\/02\/DSC_0172-869x1024.jpeg\" alt=\"\" class=\"wp-image-1353 size-full\" srcset=\"https:\/\/www.gruene-nf.de\/sylt\/wp-content\/uploads\/sites\/6\/2023\/02\/DSC_0172-869x1024.jpeg 869w, https:\/\/www.gruene-nf.de\/sylt\/wp-content\/uploads\/sites\/6\/2023\/02\/DSC_0172-254x300.jpeg 254w, https:\/\/www.gruene-nf.de\/sylt\/wp-content\/uploads\/sites\/6\/2023\/02\/DSC_0172-768x905.jpeg 768w, https:\/\/www.gruene-nf.de\/sylt\/wp-content\/uploads\/sites\/6\/2023\/02\/DSC_0172.jpeg 961w\" sizes=\"auto, (max-width: 869px) 100vw, 869px\" \/><\/figure><div class=\"wp-block-media-text__content\">\n<p><\/p>\n\n\n\n<h3 class=\"wp-block-heading has-text-align-center has-text-color\" style=\"color:#000000\"><strong>Rolf B\u00fcnte<\/strong><\/h3>\n\n\n\n<p>B\u00fcrgerliches Mitglied im Finanzausschuss<\/p>\n\n\n\n<p>Geboren: 1958 in Dinslaken am Niederrhein<br>Familienstand: verheiratet, eine erwachsene Tochter, zwei Enkelkinder<br>Beruf: Mess- und Regelmechaniker und Dipl.-Ing. (FH) Elektrotechnik<br><br>Politisch aktiv: <br>Im Vorstand B\u00fcndnis 90\/Die Gr\u00fcnen &#8211; Insel Sylt, Mitglied im Wirtschaftsausschuss und im Umwelt- und Energieausschuss (Kreis Nordfriesland)<br><br>Schwerpunktthemen: <br>Ortsentwicklung, Mobilit\u00e4t, Energie<\/p>\n<\/div><\/div>\n\n\n\n<blockquote class=\"wp-block-quote is-layout-flow wp-block-quote-is-layout-flow\">\n<p class=\"has-white-background-color has-background\">&#8222;Ich freue mich darauf, unsere Gemeinde auf den Weg in die Zukunft aktiv zu unterst\u00fctzen. Dabei ist es f\u00fcr mich wichtig, wo immer es geht und wo immer Interesse besteht, unsere B\u00fcrgerinnen und B\u00fcrger ein zu beziehen.&#8220;<\/p>\n<\/blockquote>\n\n\n\n<div class=\"wp-block-media-text alignfull is-stacked-on-mobile is-vertically-aligned-center\" style=\"grid-template-columns:38% auto\"><figure class=\"wp-block-media-text__media\"><img loading=\"lazy\" decoding=\"async\" width=\"1024\" height=\"904\" src=\"https:\/\/www.gruene-nf.de\/sylt\/wp-content\/uploads\/sites\/6\/2023\/03\/IMG_6920-1024x904.jpeg\" alt=\"\" class=\"wp-image-1420 size-full\" srcset=\"https:\/\/www.gruene-nf.de\/sylt\/wp-content\/uploads\/sites\/6\/2023\/03\/IMG_6920-1024x904.jpeg 1024w, https:\/\/www.gruene-nf.de\/sylt\/wp-content\/uploads\/sites\/6\/2023\/03\/IMG_6920-300x265.jpeg 300w, https:\/\/www.gruene-nf.de\/sylt\/wp-content\/uploads\/sites\/6\/2023\/03\/IMG_6920-768x678.jpeg 768w, https:\/\/www.gruene-nf.de\/sylt\/wp-content\/uploads\/sites\/6\/2023\/03\/IMG_6920.jpeg 1087w\" sizes=\"auto, (max-width: 1024px) 100vw, 1024px\" \/><\/figure><div class=\"wp-block-media-text__content\">\n<p><\/p>\n\n\n\n<p><\/p>\n\n\n\n<h3 class=\"wp-block-heading has-text-align-center has-text-color\" style=\"color:#000000\"><strong>Dr. Tobias Dolch<\/strong><\/h3>\n\n\n\n<p>Geboren 1975 in Aachen<\/p>\n\n\n\n<p>Seit 2020 wieder in List<\/p>\n\n\n\n<p>Familienstand: in Partnerschaft<\/p>\n\n\n\n<p>Beruf: Geograph am AWI, Wattenmeerstation Sylt<\/p>\n\n\n\n<p>seit 2022 bei den Gr\u00fcnen in List<\/p>\n\n\n\n<p>Schwerpunktinteressen: Naturschutz, ausgewogene, nachhaltige Ortsentwicklung<\/p>\n\n\n\n<p class=\"has-text-align-center has-extra-small-font-size\"><\/p>\n<\/div><\/div>\n\n\n\n<blockquote class=\"wp-block-quote is-layout-flow wp-block-quote-is-layout-flow\">\n<p><\/p>\n<\/blockquote>\n\n\n\n<div class=\"wp-block-media-text alignfull is-stacked-on-mobile is-vertically-aligned-center\" style=\"grid-template-columns:38% auto\"><figure class=\"wp-block-media-text__media\"><img loading=\"lazy\" decoding=\"async\" width=\"853\" height=\"1024\" src=\"https:\/\/www.gruene-nf.de\/sylt\/wp-content\/uploads\/sites\/6\/2023\/02\/DSC_0231-853x1024.jpeg\" alt=\"\" class=\"wp-image-1363 size-full\" srcset=\"https:\/\/www.gruene-nf.de\/sylt\/wp-content\/uploads\/sites\/6\/2023\/02\/DSC_0231-853x1024.jpeg 853w, https:\/\/www.gruene-nf.de\/sylt\/wp-content\/uploads\/sites\/6\/2023\/02\/DSC_0231-250x300.jpeg 250w, https:\/\/www.gruene-nf.de\/sylt\/wp-content\/uploads\/sites\/6\/2023\/02\/DSC_0231-768x922.jpeg 768w, https:\/\/www.gruene-nf.de\/sylt\/wp-content\/uploads\/sites\/6\/2023\/02\/DSC_0231.jpeg 961w\" sizes=\"auto, (max-width: 853px) 100vw, 853px\" \/><\/figure><div class=\"wp-block-media-text__content\">\n<h3 class=\"wp-block-heading has-text-align-center has-text-color\" style=\"color:#000000\"><strong>Elisabeth Warda<\/strong><\/h3>\n\n\n\n<p>Im Jahr 1953 in Stettin geboren. <\/p>\n\n\n\n<p>Eine Tochter und Zwillinge (S\u00f6hne)<br><\/p>\n\n\n\n<p>Ich wohne seit 1999 in List.<br><\/p>\n\n\n\n<p>Berufe: <br>gelernte Hotelfachfrau, selbst\u00e4ndig in Polen<br> <br>Seit 2005 selbst\u00e4ndig in List<\/p>\n\n\n\n<p>Politisch aktiv seit 2022<br><\/p>\n\n\n\n<p class=\"has-text-align-center has-extra-small-font-size\"><\/p>\n<\/div><\/div>\n\n\n\n<blockquote class=\"wp-block-quote is-layout-flow wp-block-quote-is-layout-flow\">\n<p>&#8222;Die Zukunft unserer Insel und die von List h\u00e4ngt von der vorsichtigen weiteren Nutzung der Fl\u00e4chen, H\u00e4user und Stra\u00dfen ab. Da m\u00fcssen wir zusammen dran arbeiten.&#8220;<\/p>\n<\/blockquote>\n\n\n\n<div class=\"wp-block-media-text alignfull is-stacked-on-mobile is-vertically-aligned-center\" style=\"grid-template-columns:39% auto\"><figure class=\"wp-block-media-text__media\"><img loading=\"lazy\" decoding=\"async\" width=\"1024\" height=\"847\" src=\"https:\/\/www.gruene-nf.de\/sylt\/wp-content\/uploads\/sites\/6\/2023\/03\/IMG_6931-1024x847.jpeg\" alt=\"\" class=\"wp-image-1411 size-full\" srcset=\"https:\/\/www.gruene-nf.de\/sylt\/wp-content\/uploads\/sites\/6\/2023\/03\/IMG_6931-1024x847.jpeg 1024w, https:\/\/www.gruene-nf.de\/sylt\/wp-content\/uploads\/sites\/6\/2023\/03\/IMG_6931-300x248.jpeg 300w, https:\/\/www.gruene-nf.de\/sylt\/wp-content\/uploads\/sites\/6\/2023\/03\/IMG_6931-768x636.jpeg 768w, https:\/\/www.gruene-nf.de\/sylt\/wp-content\/uploads\/sites\/6\/2023\/03\/IMG_6931.jpeg 1160w\" sizes=\"auto, (max-width: 1024px) 100vw, 1024px\" \/><\/figure><div class=\"wp-block-media-text__content\">\n<p><\/p>\n\n\n\n<p><\/p>\n\n\n\n<p><\/p>\n\n\n\n<p><\/p>\n\n\n\n<p><\/p>\n\n\n\n<h3 class=\"wp-block-heading has-text-align-center has-text-color\" style=\"color:#000000\"><strong>Anne Schacht<\/strong><\/h3>\n\n\n\n<p>Stellvertretendes Mitglied im Schulverband Nordd\u00f6rfer<\/p>\n\n\n\n<p>Geboren: 1988 in Nieb\u00fcll<\/p>\n\n\n\n<p>Familienstand: in Partnerschaft, 2 Kinder (beide im Lister Kindergarten)<\/p>\n\n\n\n<p>Beruf: Angestellte beim <a href=\"http:\/\/LKN.SH\">LKN.SH<\/a> (Landesbetrieb f\u00fcr K\u00fcstenschutz, Nationalpark und Meeresschutz) als Nationalpark-Rangerin<\/p>\n\n\n\n<p>Bisheriges kommunalpolitisches Engagement: seit 2018 aktiv bei den Lister Gr\u00fcnen<\/p>\n\n\n\n<p>Schwerpunktthemen: funktionierendes Fahrradverkehrkonzept, Biodiversit\u00e4t bei der Ortsbegr\u00fcnung<\/p>\n\n\n\n<p><\/p>\n<\/div><\/div>\n\n\n\n<blockquote class=\"wp-block-quote is-layout-flow wp-block-quote-is-layout-flow\">\n<p>&#8222;Ich will mit meinen Kindern mit dem Rad durch den Ort fahren und dabei als Radfahrerin gleichberechtigt und sicher \u00fcberall ankommen.&#8220;<\/p>\n<\/blockquote>\n\n\n\n\n\n<div class=\"wp-block-media-text alignfull is-stacked-on-mobile is-vertically-aligned-center\" style=\"grid-template-columns:40% auto\"><figure class=\"wp-block-media-text__media\"><img loading=\"lazy\" decoding=\"async\" width=\"960\" height=\"982\" src=\"https:\/\/www.gruene-nf.de\/sylt\/wp-content\/uploads\/sites\/6\/2023\/02\/DSC_0162.jpeg\" alt=\"\" class=\"wp-image-1356 size-full\" srcset=\"https:\/\/www.gruene-nf.de\/sylt\/wp-content\/uploads\/sites\/6\/2023\/02\/DSC_0162.jpeg 960w, https:\/\/www.gruene-nf.de\/sylt\/wp-content\/uploads\/sites\/6\/2023\/02\/DSC_0162-293x300.jpeg 293w, https:\/\/www.gruene-nf.de\/sylt\/wp-content\/uploads\/sites\/6\/2023\/02\/DSC_0162-768x786.jpeg 768w\" sizes=\"auto, (max-width: 960px) 100vw, 960px\" \/><\/figure><div class=\"wp-block-media-text__content\">\n<p><\/p>\n\n\n\n<p><\/p>\n\n\n\n<h3 class=\"wp-block-heading has-text-align-center has-text-color\" style=\"color:#000000\"><strong>Martina Sander<\/strong><\/h3>\n\n\n\n<p>Ich bin 1961 in Westerland geboren.<br><br>Familienstand: geschieden, 2 erwachsene S\u00f6hne<br><br>Ausge\u00fcbte Berufe: <br>gelernte Steuerfachangestellte, Floristin, Verwaltungsangestellte.<\/p>\n\n\n\n<p>Z.zt. arbeite ich als B\u00fcromanagerin.<br><br>Politisch aktiv seit 2023<\/p>\n\n\n\n<p><\/p>\n<\/div><\/div>\n\n\n\n<blockquote class=\"wp-block-quote is-layout-flow wp-block-quote-is-layout-flow\">\n<p class=\"has-white-background-color has-background\">&#8222;List ist meine Heimat, die ich liebe. Wir m\u00fcssen sorgsamer sein.&#8220;<\/p>\n<\/blockquote>\n\n\n\n<div class=\"wp-block-media-text alignfull is-stacked-on-mobile is-vertically-aligned-center\" style=\"grid-template-columns:41% auto\"><figure class=\"wp-block-media-text__media\"><img loading=\"lazy\" decoding=\"async\" width=\"953\" height=\"1024\" src=\"https:\/\/www.gruene-nf.de\/sylt\/wp-content\/uploads\/sites\/6\/2023\/02\/DSC_0222-953x1024.jpeg\" alt=\"\" class=\"wp-image-1362 size-full\" srcset=\"https:\/\/www.gruene-nf.de\/sylt\/wp-content\/uploads\/sites\/6\/2023\/02\/DSC_0222-953x1024.jpeg 953w, https:\/\/www.gruene-nf.de\/sylt\/wp-content\/uploads\/sites\/6\/2023\/02\/DSC_0222-279x300.jpeg 279w, https:\/\/www.gruene-nf.de\/sylt\/wp-content\/uploads\/sites\/6\/2023\/02\/DSC_0222-768x826.jpeg 768w, https:\/\/www.gruene-nf.de\/sylt\/wp-content\/uploads\/sites\/6\/2023\/02\/DSC_0222.jpeg 961w\" sizes=\"auto, (max-width: 953px) 100vw, 953px\" \/><\/figure><div class=\"wp-block-media-text__content\">\n<p><\/p>\n\n\n\n<h3 class=\"wp-block-heading has-text-align-center has-text-color\" style=\"color:#000000\"><strong>Silke Lieser<\/strong><\/h3>\n\n\n\n<p>Geboren: 1968<\/p>\n\n\n\n<p>Familienstand: verheiratet, eine Tochter<\/p>\n\n\n\n<p>Beruf:<br> <br>Diplom-Biologin, Bilanzbuchhalterin&nbsp; <br>(t\u00e4tig im Erlebniszentrum Naturgewalten)<\/p>\n\n\n\n<p>Schwerpunktthemen: <br><br>Natur- und Umweltschutz; Nachhaltigkeit (Ortsentwicklung, Tourismus),&nbsp;<\/p>\n\n\n\n<p><\/p>\n\n\n\n<p><\/p>\n<\/div><\/div>\n\n\n\n<blockquote class=\"wp-block-quote is-layout-flow wp-block-quote-is-layout-flow\">\n<p class=\"has-white-background-color has-background\">&#8222;Als Nationalpark-Wattf\u00fchrerin sehe ich, wie begeistert Menschen sind, wenn sie unsere wundersch\u00f6ne Natur erleben. Damit auch wir Lister*innen jetzt und in Zukunft die Lebensqualit\u00e4t einer intakten Natur genie\u00dfen k\u00f6nnen, m\u00f6chte ich mich f\u00fcr einen nachhaltigeren Tourismus und den Schutz unserer Umwelt einsetzen.&#8220;<\/p>\n<\/blockquote>\n","protected":false},"excerpt":{"rendered":"<p>Als Team wollen wir gemeinsam mit Euch unser List gestalten! Molly Kiesewein Gemeindevertreterin, Fraktionsvorsitzende, Mitglied im Bau- und Planungsausschuss und im Sozial- und Umweltausschuss Ich bin verheiratet und Mutter eines [&hellip;]<\/p>\n","protected":false},"author":11,"featured_media":0,"parent":0,"menu_order":0,"comment_status":"closed","ping_status":"closed","template":"","meta":{"footnotes":""},"tags":[],"class_list":["post-13","page","type-page","status-publish","hentry"],"_links":{"self":[{"href":"https:\/\/www.gruene-nf.de\/sylt\/wp-json\/wp\/v2\/pages\/13","targetHints":{"allow":["GET"]}}],"collection":[{"href":"https:\/\/www.gruene-nf.de\/sylt\/wp-json\/wp\/v2\/pages"}],"about":[{"href":"https:\/\/www.gruene-nf.de\/sylt\/wp-json\/wp\/v2\/types\/page"}],"author":[{"embeddable":true,"href":"https:\/\/www.gruene-nf.de\/sylt\/wp-json\/wp\/v2\/users\/11"}],"replies":[{"embeddable":true,"href":"https:\/\/www.gruene-nf.de\/sylt\/wp-json\/wp\/v2\/comments?post=13"}],"version-history":[{"count":21,"href":"https:\/\/www.gruene-nf.de\/sylt\/wp-json\/wp\/v2\/pages\/13\/revisions"}],"predecessor-version":[{"id":3054,"href":"https:\/\/www.gruene-nf.de\/sylt\/wp-json\/wp\/v2\/pages\/13\/revisions\/3054"}],"wp:attachment":[{"href":"https:\/\/www.gruene-nf.de\/sylt\/wp-json\/wp\/v2\/media?parent=13"}],"wp:term":[{"taxonomy":"post_tag","embeddable":true,"href":"https:\/\/www.gruene-nf.de\/sylt\/wp-json\/wp\/v2\/tags?post=13"}],"curies":[{"name":"wp","href":"https:\/\/api.w.org\/{rel}","templated":true}]}}